{"id":965,"date":"2024-10-16T14:50:37","date_gmt":"2024-10-16T14:50:37","guid":{"rendered":"https:\/\/kuktaparty.hu\/?post_type=product&#038;p=965"},"modified":"2025-05-02T09:49:48","modified_gmt":"2025-05-02T08:49:48","slug":"kuktaparty-ajandekutalvany-gasztroelmeny-fozotanfolyamokra","status":"publish","type":"product","link":"https:\/\/kuktaparty.hu\/en\/termek\/kuktaparty-ajandekutalvany-gasztroelmeny-fozotanfolyamokra\/","title":{"rendered":"Kuktaparty gift voucher - Gastronomic experience for cooking courses"},"content":{"rendered":"<p>Surprise your loved ones with an unforgettable gastronomic adventure! Give the gift of a cooking school experience where they can learn the art of cooking in an exciting and fun way. The gift voucher can be used for any of our courses - from classics to special themed courses.<\/p>\n<p>Choose the number of people you want the voucher for and treat your friends, family or colleagues to a real gastronomic experience!<\/p>\n<p><strong>Redemption is simple:<\/strong> Just get in touch with us and we'll call to book an appointment to make your gift truly special.<\/p>","protected":false},"excerpt":{"rendered":"<p>Lepd meg szeretteidet egy felejthetetlen gasztron\u00f3miai kalanddal! Aj\u00e1nd\u00e9kozz egy f\u0151z\u0151iskolai \u00e9lm\u00e9nyt, ahol a konyham\u0171v\u00e9szetet tanulhatj\u00e1k meg izgalmas \u00e9s sz\u00f3rakoztat\u00f3 m\u00f3don. Az aj\u00e1nd\u00e9kutalv\u00e1ny felhaszn\u00e1lhat\u00f3 b\u00e1rmelyik tanfolyamunkra \u2013 a klasszikusokt\u00f3l a k\u00fcl\u00f6nleges tematikus kurzusokig. V\u00e1laszd ki, h\u00e1ny f\u0151re szeretn\u00e9d az utalv\u00e1nyt, \u00e9s aj\u00e1nd\u00e9kozd meg bar\u00e1taidat, csal\u00e1dtagjaidat vagy koll\u00e9g\u00e1idat egy igazi gasztro\u00e9lm\u00e9nnyel! Bev\u00e1lt\u00e1s egyszer\u0171en: Csak vedd fel vel\u00fcnk &#8230; <a title=\"Kuktaparty gift voucher - Gastronomic experience for cooking courses\" class=\"read-more\" href=\"https:\/\/kuktaparty.hu\/en\/termek\/kuktaparty-ajandekutalvany-gasztroelmeny-fozotanfolyamokra\/\" aria-label=\"Read more about Kuktaparty aj\u00e1nd\u00e9kutalv\u00e1ny \u2013 Gasztro\u00e9lm\u00e9ny f\u0151z\u0151tanfolyamokra\">Read more<\/a><\/p>","protected":false},"featured_media":0,"comment_status":"open","ping_status":"closed","template":"","meta":{"_seopress_robots_primary_cat":"","_seopress_titles_title":"","_seopress_titles_desc":"","_seopress_robots_index":"","_eb_attr":""},"product_brand":[],"product_cat":[15],"product_tag":[],"class_list":{"0":"post-965","1":"product","2":"type-product","3":"status-publish","5":"product_cat-egyeb","6":"sales-flash-overlay","7":"woocommerce-text-align-center","8":"woocommerce-image-align-center","9":"do-quantity-buttons","11":"first","12":"instock","13":"taxable","14":"shipping-taxable","15":"purchasable","16":"product-type-variable"},"_links":{"self":[{"href":"https:\/\/kuktaparty.hu\/en\/wp-json\/wp\/v2\/product\/965","targetHints":{"allow":["GET"]}}],"collection":[{"href":"https:\/\/kuktaparty.hu\/en\/wp-json\/wp\/v2\/product"}],"about":[{"href":"https:\/\/kuktaparty.hu\/en\/wp-json\/wp\/v2\/types\/product"}],"replies":[{"embeddable":true,"href":"https:\/\/kuktaparty.hu\/en\/wp-json\/wp\/v2\/comments?post=965"}],"wp:attachment":[{"href":"https:\/\/kuktaparty.hu\/en\/wp-json\/wp\/v2\/media?parent=965"}],"wp:term":[{"taxonomy":"product_brand","embeddable":true,"href":"https:\/\/kuktaparty.hu\/en\/wp-json\/wp\/v2\/product_brand?post=965"},{"taxonomy":"product_cat","embeddable":true,"href":"https:\/\/kuktaparty.hu\/en\/wp-json\/wp\/v2\/product_cat?post=965"},{"taxonomy":"product_tag","embeddable":true,"href":"https:\/\/kuktaparty.hu\/en\/wp-json\/wp\/v2\/product_tag?post=965"}],"curies":[{"name":"wp","href":"https:\/\/api.w.org\/{rel}","templated":true}]}}