{"id":8158,"date":"2026-04-30T21:10:17","date_gmt":"2026-04-30T19:10:17","guid":{"rendered":"https:\/\/kuktaparty.hu\/?post_type=product&#038;p=8158"},"modified":"2026-04-30T21:31:29","modified_gmt":"2026-04-30T19:31:29","slug":"ramen-mesterkurzus","status":"publish","type":"product","link":"https:\/\/kuktaparty.hu\/en\/termek\/ramen-mesterkurzus\/","title":{"rendered":"Ramen mesterkurzus"},"content":{"rendered":"<h5>Duration: 3 hours<br \/>\nNumber of people: 18<br \/>\nTechnical difficulty:<a href=\"https:\/\/kuktaparty.hu\/wp-content\/uploads\/2024\/10\/star_29dp_003C0E_FILL0_wght400_GRAD0_opsz24.svg\"><img decoding=\"async\" class=\"alignnone size-full wp-image-2111\" src=\"https:\/\/kuktaparty.hu\/wp-content\/uploads\/2024\/10\/star_29dp_003C0E_FILL0_wght400_GRAD0_opsz24.svg\" alt=\"\" width=\"24\" height=\"24\" \/><\/a><a href=\"https:\/\/kuktaparty.hu\/wp-content\/uploads\/2024\/10\/star_29dp_003C0E_FILL0_wght400_GRAD0_opsz24.svg\"><img decoding=\"async\" class=\"alignnone size-full wp-image-2111\" src=\"https:\/\/kuktaparty.hu\/wp-content\/uploads\/2024\/10\/star_29dp_003C0E_FILL0_wght400_GRAD0_opsz24.svg\" alt=\"\" width=\"24\" height=\"24\" \/><\/a><a href=\"https:\/\/kuktaparty.hu\/wp-content\/uploads\/2024\/10\/star_29dp_003C0E_FILL0_wght400_GRAD0_opsz24.svg\"><img decoding=\"async\" class=\"alignnone size-full wp-image-2111\" src=\"https:\/\/kuktaparty.hu\/wp-content\/uploads\/2024\/10\/star_29dp_003C0E_FILL0_wght400_GRAD0_opsz24.svg\" alt=\"\" width=\"24\" height=\"24\" \/><\/a><br \/>\nRaw material use:<a style=\"font-family: inherit; font-size: 24px; font-style: inherit; font-weight: inherit;\" href=\"https:\/\/kuktaparty.hu\/wp-content\/uploads\/2024\/10\/star_29dp_003C0E_FILL0_wght400_GRAD0_opsz24.svg\"><img decoding=\"async\" class=\"alignnone size-full wp-image-2111\" src=\"https:\/\/kuktaparty.hu\/wp-content\/uploads\/2024\/10\/star_29dp_003C0E_FILL0_wght400_GRAD0_opsz24.svg\" alt=\"\" width=\"24\" height=\"24\" \/><\/a><a style=\"font-family: inherit; font-size: 24px; font-style: inherit; font-weight: inherit;\" href=\"https:\/\/kuktaparty.hu\/wp-content\/uploads\/2024\/10\/star_29dp_003C0E_FILL0_wght400_GRAD0_opsz24.svg\"><img decoding=\"async\" class=\"alignnone size-full wp-image-2111\" src=\"https:\/\/kuktaparty.hu\/wp-content\/uploads\/2024\/10\/star_29dp_003C0E_FILL0_wght400_GRAD0_opsz24.svg\" alt=\"\" width=\"24\" height=\"24\" \/><\/a><a style=\"font-family: inherit; font-size: 24px; font-style: inherit; font-weight: inherit;\" href=\"https:\/\/kuktaparty.hu\/wp-content\/uploads\/2024\/10\/star_29dp_003C0E_FILL0_wght400_GRAD0_opsz24.svg\"><img decoding=\"async\" class=\"alignnone size-full wp-image-2111\" src=\"https:\/\/kuktaparty.hu\/wp-content\/uploads\/2024\/10\/star_29dp_003C0E_FILL0_wght400_GRAD0_opsz24.svg\" alt=\"\" width=\"24\" height=\"24\" \/><\/a><br \/>\nChef: Attila Gerlai<\/h5>\n<h5>Language: hungarian<\/h5>\n<p>similar course: <a href=\"https:\/\/kuktaparty.hu\/en\/product\/an-evening-in-pad-thai-buvolete-fozo-course\/\">Egy este a pad thai b\u0171v\u00fclet\u00e9ben<\/a><\/p>\n<p>&nbsp;<\/p>","protected":false},"excerpt":{"rendered":"<div>\n<div>\n<h3><strong>Ramen Mesterkurzus \u2013 Shoyu Ramen \u00e9lm\u00e9ny<\/strong><\/h3>\n<p>Mer\u00fclj el a <strong>jap\u00e1n konyha<\/strong> <strong>egyik legismertebb<\/strong> \u00e9s leg\u00f6sszetettebb fog\u00e1s\u00e1nak vil\u00e1g\u00e1ban, \u00e9s k\u00e9sz\u00edtsd el vel\u00fcnk <strong>l\u00e9p\u00e9sr\u0151l l\u00e9p\u00e9sre a t\u00f6k\u00e9letes Shoyu ramen-t!<\/strong><\/p>\n<p>Ezen a workshopon nemcsak f\u0151zni fogsz, hanem val\u00f3di <strong>kulisszatitkokat is megismerhetsz<\/strong>: hogyan \u00e9p\u00fcl fel egy igaz\u00e1n <strong>gazdag, tiszta alapl\u00e9<\/strong> sert\u00e9s- \u00e9s csirkeh\u00fasb\u00f3l, \u00e9s mik\u00e9nt adja meg a <strong>ramen karakter\u00e9t<\/strong> a sz\u00f3jasz\u00f3sz alap\u00fa, mirinnel \u00e9s szak<span class=\"gmail_default\"><span style=\"font-family: arial, sans-serif;\">\u00e9<\/span><\/span>val k\u00e9sz\u00fclt arom\u00e1s tare.<\/p>\n<p><strong>K\u00f6z\u00f6sen k\u00e9sz\u00edtj\u00fck el<\/strong> a ramen egyik legizgalmasabb elem\u00e9t, a <strong>ruganyos, l\u00fagos t\u00e9szt\u00e1t<\/strong>, mik\u00f6zben <strong>s\u00e9<span class=\"gmail_default\"><span style=\"font-family: arial, sans-serif;\">f\u00fcnk<\/span><\/span>\u00a0megmutatj<span class=\"gmail_default\"><span style=\"font-family: arial, sans-serif;\">a<\/span><\/span>\u00a0a technika m\u00f6g\u00f6tti apr\u00f3 r\u00e9szleteket<\/strong> is. Nem maradhat el a<strong> lassan f\u0151tt, oml\u00f3s chashu,<\/strong> a t\u00f6k\u00e9letesen p\u00e1colt toj\u00e1s, valamint a <strong>fekete fokhagyma olaj sem<\/strong>, ami igaz\u00e1n m\u00e9ly \u00e9s k\u00fcl\u00f6nleges \u00edzvil\u00e1got ad az \u00e9telnek.<\/p>\n<p>A workshop sor\u00e1n sz\u00f3 esik tov\u00e1bbi autentikus alapanyagokr\u00f3l is, mint a<strong> kombu, shiitake gomba vagy a bambuszr\u00fcgy<\/strong> \u2013 mindenr\u0151l, ami egy <strong>igaz\u00e1n komplex ramenhez sz\u00fcks\u00e9ges<\/strong>.<\/p>\n<p>Az \u00e9lm\u00e9nyt egy k\u00f6nnyed, m\u00e9gis k\u00fcl\u00f6nleges desszerttel z\u00e1rjuk: <strong>matcha mousse m\u00e1ln\u00e1val \u00e9s piszt\u00e1ci\u00e1val.<\/strong><\/p>\n<p>Ez a program nemcsak a f\u0151z\u00e9sr\u0151l sz\u00f3l, hanem a k\u00f6z\u00f6s alkot\u00e1s \u00f6r\u00f6m\u00e9r\u0151l is \u2013 ahol a v\u00e9g\u00e9re egy <strong>t\u00f6k\u00e9letes ramen ker\u00fcl az asztalra<\/strong>, \u00e9s k\u00f6zben olyan <strong>tud\u00e1ssal<\/strong> \u00e9s \u00e9lm\u00e9nnyel gazdagodsz, <strong>amit otthon is magabiztosan haszn\u00e1lhatsz.\u00a0\u00a0<\/strong><\/p>\n<h4><b>Shoyu Ramen<\/b><\/h4>\n<ul>\n<li><em><strong>Eredeti Jap\u00e1n recept alapj\u00e1n<\/strong> sert\u00e9s- \u00e9s csirkeh\u00fasb\u00f3l k\u00e9sz\u00fclt tiszta alapl\u00e9<\/em><\/li>\n<li><strong>Tare<br \/>\n<\/strong>Sz\u00f3jasz\u00f3sz alap\u00fa, mirin- \u00e9s szak\u00e9 felhaszn\u00e1l\u00e1s\u00e1val k\u00e9sz\u00fclt arom\u00e1s \u00edzes\u00edt\u0151<\/li>\n<li><strong>Ramen t\u00e9szta<br \/>\n<\/strong>L\u00fagos, alacsony hidrat\u00e1lts\u00e1g\u00fa, rendk\u00edv\u00fcl ruganyos b\u00fazalisztb\u0151l k\u00e9sz\u00fclt, technik\u00e1s t\u00e9szta<\/li>\n<li><strong>Chashu<br \/>\n<\/strong>Lassan f\u0151z\u00f6tt, p\u00e1colt sert\u00e9s cs\u00e1sz\u00e1r<\/li>\n<li><strong>Marin\u00e1lt Toj\u00e1s<br \/>\n<\/strong>T\u00f6k\u00e9letes p\u00e1colt toj\u00e1s, ami mag\u00e1ban is meg\u00e1llja a hely\u00e9t<\/li>\n<li><strong>Fekete fokhagyma olaj<br \/>\n<\/strong>A ramenek sokszor eltitkolt \u00f6sszetev\u0151je, ami ut\u00e1nozhatatlan m\u00e9lys\u00e9get ad a leves \u00edz\u00e9nek<\/li>\n<li><strong>Tov\u00e1bbi felhaszn\u00e1lt alapanyagok, amikr\u0151l m\u00e9g sz\u00f3 lesz:<br \/>\n<\/strong>Kombu, shiitake\u00a0gomba, bambuszr\u00fcgy, koriander<\/li>\n<\/ul>\n<\/div>\n<\/div>\n<div>\n<div class=\"gmail_signature\" dir=\"ltr\" data-smartmail=\"gmail_signature\">\n<div dir=\"ltr\">\n<div>\n<h4 dir=\"auto\"><strong>Dessert:<br \/>\n<\/strong><span style=\"font-family: arial, sans-serif;\">Matcha mousse, m\u00e1ln<span class=\"gmail_default\">\u00e1val \u00e9s\u00a0<\/span>piszt\u00e1ci<span class=\"gmail_default\">\u00e1val<\/span><\/span><\/h4>\n<\/div>\n<div><\/div>\n<\/div>\n<\/div>\n<\/div>","protected":false},"featured_media":8159,"comment_status":"open","ping_status":"closed","template":"","meta":{"_seopress_robots_primary_cat":"none","_seopress_titles_title":"%%sitetitle%% %%sep%% %%post_title%%","_seopress_titles_desc":"A jap\u00e1n konyha egyik legismertebb \u00e9s leg\u00f6sszetettebb fog\u00e1s\u00e1nak vil\u00e1g\u00e1ban, \u00e9s k\u00e9sz\u00edtsd el vel\u00fcnk l\u00e9p\u00e9sr\u0151l l\u00e9p\u00e9sre a t\u00f6k\u00e9letes Shoyu ramen-t!","_seopress_robots_index":"","_eb_attr":""},"product_brand":[],"product_cat":[24,52],"product_tag":[],"class_list":{"0":"post-8158","1":"product","2":"type-product","3":"status-publish","4":"has-post-thumbnail","6":"product_cat-kurzusok","7":"product_cat-nepszeru-kurzusaink","8":"sales-flash-overlay","9":"woocommerce-text-align-center","10":"woocommerce-image-align-center","11":"do-quantity-buttons","13":"first","14":"instock","15":"virtual","16":"taxable","17":"purchasable","18":"product-type-simple"},"_links":{"self":[{"href":"https:\/\/kuktaparty.hu\/en\/wp-json\/wp\/v2\/product\/8158","targetHints":{"allow":["GET"]}}],"collection":[{"href":"https:\/\/kuktaparty.hu\/en\/wp-json\/wp\/v2\/product"}],"about":[{"href":"https:\/\/kuktaparty.hu\/en\/wp-json\/wp\/v2\/types\/product"}],"replies":[{"embeddable":true,"href":"https:\/\/kuktaparty.hu\/en\/wp-json\/wp\/v2\/comments?post=8158"}],"wp:featuredmedia":[{"embeddable":true,"href":"https:\/\/kuktaparty.hu\/en\/wp-json\/wp\/v2\/media\/8159"}],"wp:attachment":[{"href":"https:\/\/kuktaparty.hu\/en\/wp-json\/wp\/v2\/media?parent=8158"}],"wp:term":[{"taxonomy":"product_brand","embeddable":true,"href":"https:\/\/kuktaparty.hu\/en\/wp-json\/wp\/v2\/product_brand?post=8158"},{"taxonomy":"product_cat","embeddable":true,"href":"https:\/\/kuktaparty.hu\/en\/wp-json\/wp\/v2\/product_cat?post=8158"},{"taxonomy":"product_tag","embeddable":true,"href":"https:\/\/kuktaparty.hu\/en\/wp-json\/wp\/v2\/product_tag?post=8158"}],"curies":[{"name":"wp","href":"https:\/\/api.w.org\/{rel}","templated":true}]}}