{"id":7924,"date":"2026-03-30T16:08:16","date_gmt":"2026-03-30T14:08:16","guid":{"rendered":"https:\/\/kuktaparty.hu\/?post_type=product&#038;p=7924"},"modified":"2026-04-02T08:59:53","modified_gmt":"2026-04-02T06:59:53","slug":"mothers-day-celebrations","status":"publish","type":"product","link":"https:\/\/kuktaparty.hu\/en\/termek\/anyaknapi-elmenyfozes-negye\/","title":{"rendered":"Mother's Day Cooking Experience 2026.05.03"},"content":{"rendered":"<p>What's in store for you at the Mother's Day cooking class?<\/p>\n<ul>\n<li>\n<p data-path-to-node=\"17,0,0\"><b data-path-to-node=\"17,0,0\" data-index-in-node=\"0\">Run by a professional chef:<\/b> You don't have to be a kitchen fairy, our expert will guide you through the preparation of the dishes.<\/p>\n<\/li>\n<li>\n<p data-path-to-node=\"17,1,0\"><b data-path-to-node=\"17,1,0\" data-index-in-node=\"0\">Cooking together, real relaxation:<\/b> No washing up here, just a gastronomic experience.<\/p>\n<\/li>\n<li>\n<p data-path-to-node=\"17,2,0\"><strong>Four hearts in the kitchen for a real treat<\/strong><\/p>\n<\/li>\n<li>\n<p data-path-to-node=\"17,3,0\"><b data-path-to-node=\"17,3,0\" data-index-in-node=\"0\">Exclusive atmosphere:<\/b> Only 8 packages for 4 people are available to ensure a family atmosphere.<\/p>\n<h3 data-path-to-node=\"33\">Have you never cooked this kind of food before?- That's no problem for us!<\/h3>\n<p data-path-to-node=\"34\">Many people are afraid that complicated recipes will catch them out. At Kuktaparty, our aim is to make you feel like after 10 minutes: <i data-path-to-node=\"34\" data-index-in-node=\"123\">\u201eI'll do this again at home any time!\u201d<\/i> You can use the knowledge you learn here to dazzle the whole family later.<br \/>\nPlaces are limited, and Mother's Day places fill up fastest!<\/p>\n<\/li>\n<\/ul>","protected":false},"excerpt":{"rendered":"<h4 data-path-to-node=\"3\"><strong>The best Mother's Day experience: cooking together and spending quality time with your mother and loved ones<\/strong><\/h4>\n<p>Mother's Day gift - four hearts instead of four eyes<\/p>\n<p>This year, forget the quickly wilting bouquets and the template bonbons! Give something really special: time together - now even <strong>four together.<\/strong><\/p>\n<p>Take part in an unforgettable, <strong>Mothers of 4<\/strong> daily <strong>experiential cooking, where you can<\/strong><br \/>\n<strong>mother and daughter, sisters, grandmother and grandchild<\/strong> \u2013 <strong>or even mum, grandma and other loved ones in the family.<\/strong><\/p>\n<p>This is a real<strong> a shared experience,<\/strong> where everyone adds their own flavour - literally and figuratively.<\/p>\n<p>Step out of the everyday and immerse yourself in the joy of creation together!<br \/>\nLaughter, delicious smells, a shared sense of achievement - all in an inspiring, professional environment where you can finally really listen to each other.<\/p>\n<p>This day is about you, not recipes!<br \/>\nAbout relationships. The unrepeatable moments spent together.<\/p>\n<p>Make a gift <strong>experience for four<\/strong> \u2013 <strong>which is<\/strong> lasts not just one day, but <strong>will last forever.<\/strong><\/p>\n<p data-path-to-node=\"21\"><strong>4-course festive menu - Spring flavours, elegant presentation:\u00a0<\/strong><\/p>\n<ol>\n<li data-path-to-node=\"2\"><b data-path-to-node=\"2\" data-index-in-node=\"0\">Amuse-bouche - \u201eThe first smile\u201d<\/b><br \/>\n<b data-path-to-node=\"3\" data-index-in-node=\"0\">Mini creamy goat cheese profiteroles with honey-nut glaze and thyme pear compote<br \/>\n<span style=\"font-size: inherit; font-weight: normal;\">A single small bite that does exactly what it says on the tin: silky goat's cheese meets spicy fruit, promising the perfect first impression.<\/span><\/b><\/li>\n<li data-path-to-node=\"2\"><b data-path-to-node=\"5\" data-index-in-node=\"0\">Appetizer - \u201eThe Silence of Spring\u201d<\/b><br \/>\n<b data-path-to-node=\"6\" data-index-in-node=\"0\">Cold asparagus cream soup with white chocolate emulsion and lemon olive oil<br \/>\n<\/b>A surprising and sophisticated play on the border between sweet and salty. Clean textures, silky softness - the latest message of spring on the plate.<\/li>\n<li data-path-to-node=\"2\"><b style=\"font-size: inherit;\" data-path-to-node=\"8\" data-index-in-node=\"0\">Main course - \u201eThe memories that come together at the table\u201d<br \/>\n<\/b><b style=\"font-size: inherit;\" data-path-to-node=\"9\" data-index-in-node=\"0\">Sous-vide chicken breast with parmesan polenta, roasted cocktail tomato ragout and basil jus<br \/>\n<\/b>Modern kitchen technology meets home comfort. An elegant yet comforting meal where every element and flavour is just right.<\/li>\n<li data-path-to-node=\"2\"><b style=\"font-size: inherit;\" data-path-to-node=\"11\" data-index-in-node=\"0\">Dessert - \u201eSweet closure\u201d<br \/>\n<\/b><b style=\"font-size: inherit;\" data-path-to-node=\"12\" data-index-in-node=\"0\">Vanilla cr\u00e9meux with strawberry compote, pistachio crunch and white chocolate mousse<\/b><span style=\"font-size: inherit;\">A dance of textures in the glass: a harmony of creamy softness, fruity freshness and crunchy seeds tops the list.<\/span><\/li>\n<\/ol>\n<p data-path-to-node=\"22\">","protected":false},"featured_media":7928,"comment_status":"open","ping_status":"closed","template":"","meta":{"_seopress_robots_primary_cat":"none","_seopress_titles_title":"","_seopress_titles_desc":"Vegyetek r\u00e9szt egy felejthetetlen, 4 f\u0151s Any\u00e1k napi \u00e9lm\u00e9nyf\u0151z\u00e9sen, ahol egy\u00fctt lehet\r\nanya \u00e9s l\u00e1nya, testv\u00e9rek, nagymama \u00e9s unoka, vagy azt eg\u00e9sz csal\u00e1d","_seopress_robots_index":"","_eb_attr":""},"product_brand":[],"product_cat":[24],"product_tag":[],"class_list":{"0":"post-7924","1":"product","2":"type-product","3":"status-publish","4":"has-post-thumbnail","6":"product_cat-kurzusok","7":"sales-flash-overlay","8":"woocommerce-text-align-center","9":"woocommerce-image-align-center","10":"do-quantity-buttons","12":"first","13":"instock","14":"virtual","15":"taxable","16":"purchasable","17":"product-type-simple"},"_links":{"self":[{"href":"https:\/\/kuktaparty.hu\/en\/wp-json\/wp\/v2\/product\/7924","targetHints":{"allow":["GET"]}}],"collection":[{"href":"https:\/\/kuktaparty.hu\/en\/wp-json\/wp\/v2\/product"}],"about":[{"href":"https:\/\/kuktaparty.hu\/en\/wp-json\/wp\/v2\/types\/product"}],"replies":[{"embeddable":true,"href":"https:\/\/kuktaparty.hu\/en\/wp-json\/wp\/v2\/comments?post=7924"}],"wp:featuredmedia":[{"embeddable":true,"href":"https:\/\/kuktaparty.hu\/en\/wp-json\/wp\/v2\/media\/7928"}],"wp:attachment":[{"href":"https:\/\/kuktaparty.hu\/en\/wp-json\/wp\/v2\/media?parent=7924"}],"wp:term":[{"taxonomy":"product_brand","embeddable":true,"href":"https:\/\/kuktaparty.hu\/en\/wp-json\/wp\/v2\/product_brand?post=7924"},{"taxonomy":"product_cat","embeddable":true,"href":"https:\/\/kuktaparty.hu\/en\/wp-json\/wp\/v2\/product_cat?post=7924"},{"taxonomy":"product_tag","embeddable":true,"href":"https:\/\/kuktaparty.hu\/en\/wp-json\/wp\/v2\/product_tag?post=7924"}],"curies":[{"name":"wp","href":"https:\/\/api.w.org\/{rel}","templated":true}]}}