{"id":7702,"date":"2026-03-24T20:36:39","date_gmt":"2026-03-24T19:36:39","guid":{"rendered":"https:\/\/kuktaparty.hu\/?post_type=product&#038;p=7702"},"modified":"2026-03-30T14:23:06","modified_gmt":"2026-03-30T12:23:06","slug":"thai-premium-street-food-course","status":"publish","type":"product","link":"https:\/\/kuktaparty.hu\/en\/termek\/thai-premium-street-food-kurzus\/","title":{"rendered":"Pad Thai premium street food course"},"content":{"rendered":"<h5>Duration: 3 hours<br \/>\nNumber of people: 18<br \/>\nTechnical difficulty:<a href=\"https:\/\/kuktaparty.hu\/wp-content\/uploads\/2024\/10\/star_29dp_003C0E_FILL0_wght400_GRAD0_opsz24.svg\"><img decoding=\"async\" class=\"alignnone size-full wp-image-2111\" src=\"https:\/\/kuktaparty.hu\/wp-content\/uploads\/2024\/10\/star_29dp_003C0E_FILL0_wght400_GRAD0_opsz24.svg\" alt=\"\" width=\"24\" height=\"24\" \/><\/a><a href=\"https:\/\/kuktaparty.hu\/wp-content\/uploads\/2024\/10\/star_29dp_003C0E_FILL0_wght400_GRAD0_opsz24.svg\"><img decoding=\"async\" class=\"alignnone size-full wp-image-2111\" src=\"https:\/\/kuktaparty.hu\/wp-content\/uploads\/2024\/10\/star_29dp_003C0E_FILL0_wght400_GRAD0_opsz24.svg\" alt=\"\" width=\"24\" height=\"24\" \/><\/a><br \/>\nRaw material use:<a style=\"font-family: inherit; font-size: 24px; font-style: inherit; font-weight: inherit;\" href=\"https:\/\/kuktaparty.hu\/wp-content\/uploads\/2024\/10\/star_29dp_003C0E_FILL0_wght400_GRAD0_opsz24.svg\"><img decoding=\"async\" class=\"alignnone size-full wp-image-2111\" src=\"https:\/\/kuktaparty.hu\/wp-content\/uploads\/2024\/10\/star_29dp_003C0E_FILL0_wght400_GRAD0_opsz24.svg\" alt=\"\" width=\"24\" height=\"24\" \/><\/a><a style=\"font-family: inherit; font-size: 24px; font-style: inherit; font-weight: inherit;\" href=\"https:\/\/kuktaparty.hu\/wp-content\/uploads\/2024\/10\/star_29dp_003C0E_FILL0_wght400_GRAD0_opsz24.svg\"><img decoding=\"async\" class=\"alignnone size-full wp-image-2111\" src=\"https:\/\/kuktaparty.hu\/wp-content\/uploads\/2024\/10\/star_29dp_003C0E_FILL0_wght400_GRAD0_opsz24.svg\" alt=\"\" width=\"24\" height=\"24\" \/><\/a><a style=\"font-family: inherit; font-size: 24px; font-style: inherit; font-weight: inherit;\" href=\"https:\/\/kuktaparty.hu\/wp-content\/uploads\/2024\/10\/star_29dp_003C0E_FILL0_wght400_GRAD0_opsz24.svg\"><img decoding=\"async\" class=\"alignnone size-full wp-image-2111\" src=\"https:\/\/kuktaparty.hu\/wp-content\/uploads\/2024\/10\/star_29dp_003C0E_FILL0_wght400_GRAD0_opsz24.svg\" alt=\"\" width=\"24\" height=\"24\" \/><\/a><br \/>\nChef:G\u00e9czi Kata<\/h5>\n<h5>Language: hungarian<\/h5>\n<p>similar course: <a href=\"https:\/\/kuktaparty.hu\/en\/product\/an-evening-in-pad-thai-buvolete-fozo-course\/\">An evening in the Thai extension of the bench<\/a><\/p>\n<p>&nbsp;<\/p>","protected":false},"excerpt":{"rendered":"<p>A special Thai experience with premium ingredients and exciting flavours. Taking classic dishes to a new level, the beef pad Thai offers a truly characterful dining experience. A perfect choice if you are looking for something truly memorable.<\/p>\n<ul>\n<li><strong>Tom Yum soup (chicken, vegetable)<\/strong><br \/>\nFragrant, spicy-sour Thai soup with fresh spices, a real flavour bomb.<\/li>\n<li><strong>Pad Thai noodles (with beef)<\/strong><br \/>\nA premium version of classic Pad Thai with crispy beef, intense sauce and crunchy toppings. Characterful, deeper flavours in a real speciality.<\/li>\n<li><strong>Kluay Tod - crispy fried banana<\/strong><br \/>\nGolden brown fried bananas, crispy on the outside, soft on the inside - a true Thai street food classic with a sweet ending.<\/li>\n<\/ul>","protected":false},"featured_media":7703,"comment_status":"open","ping_status":"closed","template":"","meta":{"_seopress_robots_primary_cat":"none","_seopress_titles_title":"Pad Thai kurzus pr\u00e9mium alapanyagokkal %%sep%% %%sitetitle%%","_seopress_titles_desc":"A klasszikus fog\u00e1sok \u00faj szintre emelve, A marh\u00e1val k\u00e9sz\u00fclt pad thai igaz\u00e1n karakteres gasztro\u00e9lm\u00e9nyt ny\u00fajt. T\u00f6k\u00e9letes v\u00e1laszt\u00e1s, ha valami igaz\u00e1n eml\u00e9kezeteset kerestek.","_seopress_robots_index":"","_eb_attr":""},"product_brand":[],"product_cat":[24,52],"product_tag":[],"class_list":{"0":"post-7702","1":"product","2":"type-product","3":"status-publish","4":"has-post-thumbnail","6":"product_cat-kurzusok","7":"product_cat-nepszeru-kurzusaink","8":"sales-flash-overlay","9":"woocommerce-text-align-center","10":"woocommerce-image-align-center","11":"do-quantity-buttons","12":"wc-has-gallery","14":"first","15":"instock","16":"virtual","17":"taxable","18":"purchasable","19":"product-type-simple"},"_links":{"self":[{"href":"https:\/\/kuktaparty.hu\/en\/wp-json\/wp\/v2\/product\/7702","targetHints":{"allow":["GET"]}}],"collection":[{"href":"https:\/\/kuktaparty.hu\/en\/wp-json\/wp\/v2\/product"}],"about":[{"href":"https:\/\/kuktaparty.hu\/en\/wp-json\/wp\/v2\/types\/product"}],"replies":[{"embeddable":true,"href":"https:\/\/kuktaparty.hu\/en\/wp-json\/wp\/v2\/comments?post=7702"}],"wp:featuredmedia":[{"embeddable":true,"href":"https:\/\/kuktaparty.hu\/en\/wp-json\/wp\/v2\/media\/7703"}],"wp:attachment":[{"href":"https:\/\/kuktaparty.hu\/en\/wp-json\/wp\/v2\/media?parent=7702"}],"wp:term":[{"taxonomy":"product_brand","embeddable":true,"href":"https:\/\/kuktaparty.hu\/en\/wp-json\/wp\/v2\/product_brand?post=7702"},{"taxonomy":"product_cat","embeddable":true,"href":"https:\/\/kuktaparty.hu\/en\/wp-json\/wp\/v2\/product_cat?post=7702"},{"taxonomy":"product_tag","embeddable":true,"href":"https:\/\/kuktaparty.hu\/en\/wp-json\/wp\/v2\/product_tag?post=7702"}],"curies":[{"name":"wp","href":"https:\/\/api.w.org\/{rel}","templated":true}]}}