{"id":7477,"date":"2026-03-07T22:36:12","date_gmt":"2026-03-07T21:36:12","guid":{"rendered":"https:\/\/kuktaparty.hu\/?post_type=product&#038;p=7477"},"modified":"2026-04-30T21:39:57","modified_gmt":"2026-04-30T19:39:57","slug":"interactive-wine-dinner-and-gastronomy-workshop-with-kopis-egon","status":"publish","type":"product","link":"https:\/\/kuktaparty.hu\/en\/termek\/interaktiv-borvacsora-es-gasztro-workshop-kopis-egonnal\/","title":{"rendered":"Interactive wine dinner and gastronomy workshop with Egon Kopis"},"content":{"rendered":"<h5>Duration: 4 hours<strong><br \/>\n<\/strong>Number of people: 16<strong><br \/>\n<\/strong>Technical difficulty:<a href=\"https:\/\/kuktaparty.hu\/wp-content\/uploads\/2024\/10\/star_29dp_003C0E_FILL0_wght400_GRAD0_opsz24.svg\"><img decoding=\"async\" class=\"alignnone size-full wp-image-2111\" src=\"https:\/\/kuktaparty.hu\/wp-content\/uploads\/2024\/10\/star_29dp_003C0E_FILL0_wght400_GRAD0_opsz24.svg\" alt=\"\" width=\"24\" height=\"24\" \/><\/a><a href=\"https:\/\/kuktaparty.hu\/wp-content\/uploads\/2024\/10\/star_29dp_003C0E_FILL0_wght400_GRAD0_opsz24.svg\"><img decoding=\"async\" class=\"alignnone size-full wp-image-2111\" src=\"https:\/\/kuktaparty.hu\/wp-content\/uploads\/2024\/10\/star_29dp_003C0E_FILL0_wght400_GRAD0_opsz24.svg\" alt=\"\" width=\"24\" height=\"24\" \/><\/a><a href=\"https:\/\/kuktaparty.hu\/wp-content\/uploads\/2024\/10\/star_29dp_003C0E_FILL0_wght400_GRAD0_opsz24.svg\"><img decoding=\"async\" class=\"alignnone size-full wp-image-2111\" src=\"https:\/\/kuktaparty.hu\/wp-content\/uploads\/2024\/10\/star_29dp_003C0E_FILL0_wght400_GRAD0_opsz24.svg\" alt=\"\" width=\"24\" height=\"24\" \/><\/a><br \/>\nRaw material use:<a style=\"font-family: inherit; font-size: 24px; font-style: inherit; font-weight: inherit;\" href=\"https:\/\/kuktaparty.hu\/wp-content\/uploads\/2024\/10\/star_29dp_003C0E_FILL0_wght400_GRAD0_opsz24.svg\"><img decoding=\"async\" class=\"alignnone size-full wp-image-2111\" src=\"https:\/\/kuktaparty.hu\/wp-content\/uploads\/2024\/10\/star_29dp_003C0E_FILL0_wght400_GRAD0_opsz24.svg\" alt=\"\" width=\"24\" height=\"24\" \/><\/a><a style=\"font-family: inherit; font-size: 24px; font-style: inherit; font-weight: inherit;\" href=\"https:\/\/kuktaparty.hu\/wp-content\/uploads\/2024\/10\/star_29dp_003C0E_FILL0_wght400_GRAD0_opsz24.svg\"><img decoding=\"async\" class=\"alignnone size-full wp-image-2111\" src=\"https:\/\/kuktaparty.hu\/wp-content\/uploads\/2024\/10\/star_29dp_003C0E_FILL0_wght400_GRAD0_opsz24.svg\" alt=\"\" width=\"24\" height=\"24\" \/><\/a><a style=\"font-family: inherit; font-size: 24px; font-style: inherit; font-weight: inherit;\" href=\"https:\/\/kuktaparty.hu\/wp-content\/uploads\/2024\/10\/star_29dp_003C0E_FILL0_wght400_GRAD0_opsz24.svg\"><img decoding=\"async\" class=\"alignnone size-full wp-image-2111\" src=\"https:\/\/kuktaparty.hu\/wp-content\/uploads\/2024\/10\/star_29dp_003C0E_FILL0_wght400_GRAD0_opsz24.svg\" alt=\"\" width=\"24\" height=\"24\" \/><\/a><a style=\"font-family: inherit; font-size: 24px; font-style: inherit; font-weight: inherit;\" href=\"https:\/\/kuktaparty.hu\/wp-content\/uploads\/2024\/10\/star_29dp_003C0E_FILL0_wght400_GRAD0_opsz24.svg\"><img decoding=\"async\" class=\"alignnone size-full wp-image-2111\" src=\"https:\/\/kuktaparty.hu\/wp-content\/uploads\/2024\/10\/star_29dp_003C0E_FILL0_wght400_GRAD0_opsz24.svg\" alt=\"\" width=\"24\" height=\"24\" \/><\/a><a style=\"font-family: inherit; font-size: 24px; font-style: inherit; font-weight: inherit;\" href=\"https:\/\/kuktaparty.hu\/wp-content\/uploads\/2024\/10\/star_29dp_003C0E_FILL0_wght400_GRAD0_opsz24.svg\"><img decoding=\"async\" class=\"alignnone size-full wp-image-2111\" src=\"https:\/\/kuktaparty.hu\/wp-content\/uploads\/2024\/10\/star_29dp_003C0E_FILL0_wght400_GRAD0_opsz24.svg\" alt=\"\" width=\"24\" height=\"24\" \/><\/a><\/h5>\n<p>Chef: Egon Barna Kopis<br \/>\n<span style=\"font-family: inherit; font-style: inherit; font-weight: inherit;\">Language: hungarian<\/span><\/p>","protected":false},"excerpt":{"rendered":"<p data-start=\"114\" data-end=\"188\"><strong data-start=\"114\" data-end=\"157\">One-off and unrepeatable workshop <\/strong>with the freshness of bear's onion Egon K\u00f3pis, chef de cuisine<\/p>\n<p data-start=\"265\" data-end=\"329\"><strong data-start=\"265\" data-end=\"329\">Rural honesty - Transylvanian inspiration - Szeksz\u00e1rd wine region<\/strong><\/p>\n<p data-start=\"331\" data-end=\"514\">Transylvanian inspiration meets rural honesty on a plate,<br data-start=\"399\" data-end=\"402\" \/>where childhood memories and modern fine dining technology<br data-start=\"466\" data-end=\"469\" \/>is completed with the elegance of Lajver wines.<\/p>\n<h4>Starter: Salad soup with bear's onion, smoked beef tongue and sour chips<\/h4>\n<ul>\n<li>Incognito 2024<\/li>\n<\/ul>\n<h4>Main course: beef rib-eye steak, Anna-potatoes, asparagus with charcoal, pickled fried capers<span class=\"gmail_default\">-paprika\u00a0<\/span>salad<\/h4>\n<ul>\n<li>Lajver Signum Szeksz\u00e1rd Bikav\u00e9r 2022<\/li>\n<\/ul>\n<h4>Dessert: carrot cake with white chocolate mousse and raspberries<\/h4>\n<ul>\n<li>Lajver Szeksz\u00e1rd Premium Blue Franc 2021<\/li>\n<\/ul>","protected":false},"featured_media":7480,"comment_status":"open","ping_status":"closed","template":"","meta":{"_seopress_robots_primary_cat":"none","_seopress_titles_title":"Borvacsora \u00e9s gasztro workshop Kopis Egonnal","_seopress_titles_desc":"Az erd\u00e9lyi inspir\u00e1ci\u00f3 \u00e9s a vid\u00e9ki \u0151szintes\u00e9g tal\u00e1lkoz\u00e1sa a t\u00e1ny\u00e9ron, ahol a gyermekkori \u00edzeml\u00e9kek otthonos m\u00e9lys\u00e9ge a modern fine dining technol\u00f3gi\u00e1val","_seopress_robots_index":"","_eb_attr":""},"product_brand":[],"product_cat":[15],"product_tag":[],"class_list":{"0":"post-7477","1":"product","2":"type-product","3":"status-publish","4":"has-post-thumbnail","6":"product_cat-egyeb","7":"sales-flash-overlay","8":"woocommerce-text-align-center","9":"woocommerce-image-align-center","10":"do-quantity-buttons","11":"wc-has-gallery","13":"first","14":"instock","15":"virtual","16":"taxable","17":"purchasable","18":"product-type-simple"},"_links":{"self":[{"href":"https:\/\/kuktaparty.hu\/en\/wp-json\/wp\/v2\/product\/7477","targetHints":{"allow":["GET"]}}],"collection":[{"href":"https:\/\/kuktaparty.hu\/en\/wp-json\/wp\/v2\/product"}],"about":[{"href":"https:\/\/kuktaparty.hu\/en\/wp-json\/wp\/v2\/types\/product"}],"replies":[{"embeddable":true,"href":"https:\/\/kuktaparty.hu\/en\/wp-json\/wp\/v2\/comments?post=7477"}],"wp:featuredmedia":[{"embeddable":true,"href":"https:\/\/kuktaparty.hu\/en\/wp-json\/wp\/v2\/media\/7480"}],"wp:attachment":[{"href":"https:\/\/kuktaparty.hu\/en\/wp-json\/wp\/v2\/media?parent=7477"}],"wp:term":[{"taxonomy":"product_brand","embeddable":true,"href":"https:\/\/kuktaparty.hu\/en\/wp-json\/wp\/v2\/product_brand?post=7477"},{"taxonomy":"product_cat","embeddable":true,"href":"https:\/\/kuktaparty.hu\/en\/wp-json\/wp\/v2\/product_cat?post=7477"},{"taxonomy":"product_tag","embeddable":true,"href":"https:\/\/kuktaparty.hu\/en\/wp-json\/wp\/v2\/product_tag?post=7477"}],"curies":[{"name":"wp","href":"https:\/\/api.w.org\/{rel}","templated":true}]}}