{"id":7455,"date":"2026-03-07T21:01:41","date_gmt":"2026-03-07T20:01:41","guid":{"rendered":"https:\/\/kuktaparty.hu\/?post_type=product&#038;p=7455"},"modified":"2026-03-25T09:28:59","modified_gmt":"2026-03-25T08:28:59","slug":"flavours-and-aromas-of-indian-cuisine","status":"publish","type":"product","link":"https:\/\/kuktaparty.hu\/en\/termek\/izek-es-illatok-india-konyhaja\/","title":{"rendered":"Tastes and smells - India's Kitchen"},"content":{"rendered":"<h5>Duration: 3 hours<strong><br \/>\n<\/strong>Number of people: 18<strong><br \/>\n<\/strong>Technical difficulty:<a href=\"https:\/\/kuktaparty.hu\/wp-content\/uploads\/2024\/10\/star_29dp_003C0E_FILL0_wght400_GRAD0_opsz24.svg\"><img decoding=\"async\" class=\"alignnone size-full wp-image-2111\" src=\"https:\/\/kuktaparty.hu\/wp-content\/uploads\/2024\/10\/star_29dp_003C0E_FILL0_wght400_GRAD0_opsz24.svg\" alt=\"\" width=\"24\" height=\"24\" \/><\/a><a href=\"https:\/\/kuktaparty.hu\/wp-content\/uploads\/2024\/10\/star_29dp_003C0E_FILL0_wght400_GRAD0_opsz24.svg\"><img decoding=\"async\" class=\"alignnone size-full wp-image-2111\" src=\"https:\/\/kuktaparty.hu\/wp-content\/uploads\/2024\/10\/star_29dp_003C0E_FILL0_wght400_GRAD0_opsz24.svg\" alt=\"\" width=\"24\" height=\"24\" \/><\/a><a href=\"https:\/\/kuktaparty.hu\/wp-content\/uploads\/2024\/10\/star_29dp_003C0E_FILL0_wght400_GRAD0_opsz24.svg\"><img decoding=\"async\" class=\"alignnone size-full wp-image-2111\" src=\"https:\/\/kuktaparty.hu\/wp-content\/uploads\/2024\/10\/star_29dp_003C0E_FILL0_wght400_GRAD0_opsz24.svg\" alt=\"\" width=\"24\" height=\"24\" \/><\/a><br \/>\nRaw material use:<a style=\"font-family: inherit; font-size: 24px; font-style: inherit; font-weight: inherit;\" href=\"https:\/\/kuktaparty.hu\/wp-content\/uploads\/2024\/10\/star_29dp_003C0E_FILL0_wght400_GRAD0_opsz24.svg\"><img decoding=\"async\" class=\"alignnone size-full wp-image-2111\" src=\"https:\/\/kuktaparty.hu\/wp-content\/uploads\/2024\/10\/star_29dp_003C0E_FILL0_wght400_GRAD0_opsz24.svg\" alt=\"\" width=\"24\" height=\"24\" \/><\/a><a style=\"font-family: inherit; font-size: 24px; font-style: inherit; font-weight: inherit;\" href=\"https:\/\/kuktaparty.hu\/wp-content\/uploads\/2024\/10\/star_29dp_003C0E_FILL0_wght400_GRAD0_opsz24.svg\"><img decoding=\"async\" class=\"alignnone size-full wp-image-2111\" src=\"https:\/\/kuktaparty.hu\/wp-content\/uploads\/2024\/10\/star_29dp_003C0E_FILL0_wght400_GRAD0_opsz24.svg\" alt=\"\" width=\"24\" height=\"24\" \/><\/a><a style=\"font-family: inherit; font-size: 24px; font-style: inherit; font-weight: inherit;\" href=\"https:\/\/kuktaparty.hu\/wp-content\/uploads\/2024\/10\/star_29dp_003C0E_FILL0_wght400_GRAD0_opsz24.svg\"><img decoding=\"async\" class=\"alignnone size-full wp-image-2111\" src=\"https:\/\/kuktaparty.hu\/wp-content\/uploads\/2024\/10\/star_29dp_003C0E_FILL0_wght400_GRAD0_opsz24.svg\" alt=\"\" width=\"24\" height=\"24\" \/><\/a><a style=\"font-family: inherit; font-size: 24px; font-style: inherit; font-weight: inherit;\" href=\"https:\/\/kuktaparty.hu\/wp-content\/uploads\/2024\/10\/star_29dp_003C0E_FILL0_wght400_GRAD0_opsz24.svg\"><img decoding=\"async\" class=\"alignnone size-full wp-image-2111\" src=\"https:\/\/kuktaparty.hu\/wp-content\/uploads\/2024\/10\/star_29dp_003C0E_FILL0_wght400_GRAD0_opsz24.svg\" alt=\"\" width=\"24\" height=\"24\" \/><\/a><br \/>\nChef: Attila Gerlai<\/h5>\n<h5>Language: hungarian<\/h5>","protected":false},"excerpt":{"rendered":"<div>\n<h3>Premium gastronomy workshop with chef Attila Gerlai<\/h3>\n<p>This exclusive evening will explore the sophisticated, layered flavours of Indian cuisine in professional depth and elegant presentation. The conscious use of spices, the structure of aromas and the harmony of textures will be the focus - authentic with a modern approach.<\/p>\n<p>Guest of the evening<span class=\"gmail_default\">-<\/span>chef <strong>Attila Gerlai<\/strong>, a <strong>Small Field Restaurant<\/strong> chef, who uses his own professional experience and refined palate to show how traditional Indian cuisine can be transformed into an elegant, contemporary experience.<\/p>\n<p>During the workshop, we will not only prepare the dishes, but also learn about the character of each spice, techniques to balance them and the fine details of serving.<\/p>\n<h2>Menu of the evening<\/h2>\n<h3>\u00a0- Crispy papadam with spicy mango chutney<\/h3>\n<p>Delicately roasted lentil paste accompanied by a sweet and tangy homemade mango chutney. The crunchy texture and fruity-spicy accompaniment is an elegant opening to the evening.<\/p>\n<ul>\n<li>\u00a0 Sauska Tokaji Furmint<\/li>\n<\/ul>\n<h3>\u00a0- Chicken tikka masala with sesame naan bread<\/h3>\n<p>Crispy chicken in a rich, tomato-spicy sauce, with carefully constructed flavours and a silky texture. Freshly baked naan bread dusted with sesame seeds is the perfect accompaniment to this classic yet sophisticated dish.<\/p>\n<ul>\n<li>\u00a0\u00a0Attila Gere Ros\u00e9<\/li>\n<\/ul>\n<h3>\u00a0- Rose kheer with toasted pistachios<\/h3>\n<p>Slow cooked, creamy rice pudding scented with cardamom and rose water. The subtle crunch of pistachios and aromatic sweetness give a harmonious, elegant finish to the taste journey.<\/p>\n<ul>\n<li>\u00a0 Rose water prosecco cocktail<\/li>\n<\/ul>\n<p>This evening is for those who not only want to cook, but also understand the thinking behind the flavours - and the professional vision of a chef<span class=\"gmail_default\">j\u00e1n<\/span> to connect more deeply with gastronomy through.<\/p>\n<\/div>\n<div><\/div>","protected":false},"featured_media":7460,"comment_status":"open","ping_status":"closed","template":"","meta":{"_seopress_robots_primary_cat":"none","_seopress_titles_title":"\u00cdzek \u00e9s Illatok \u2013 India Konyh\u00e1ja Gerlai Attila s\u00e9ffel","_seopress_titles_desc":"Indiai konyha kifinomult, r\u00e9tegzett \u00edzvil\u00e1g\u00e1t fedezz\u00fck fel!  A f\u0171szerek tudatos haszn\u00e1lata, az arom\u00e1k fel\u00e9p\u00edt\u00e9se \u00e9s a text\u00far\u00e1k harm\u00f3ni\u00e1ja ker\u00fcl a k\u00f6z\u00e9ppontba","_seopress_robots_index":"","_eb_attr":""},"product_brand":[],"product_cat":[24,52],"product_tag":[],"class_list":{"0":"post-7455","1":"product","2":"type-product","3":"status-publish","4":"has-post-thumbnail","6":"product_cat-kurzusok","7":"product_cat-nepszeru-kurzusaink","8":"sales-flash-overlay","9":"woocommerce-text-align-center","10":"woocommerce-image-align-center","11":"do-quantity-buttons","12":"wc-has-gallery","14":"first","15":"instock","16":"virtual","17":"taxable","18":"purchasable","19":"product-type-simple"},"_links":{"self":[{"href":"https:\/\/kuktaparty.hu\/en\/wp-json\/wp\/v2\/product\/7455","targetHints":{"allow":["GET"]}}],"collection":[{"href":"https:\/\/kuktaparty.hu\/en\/wp-json\/wp\/v2\/product"}],"about":[{"href":"https:\/\/kuktaparty.hu\/en\/wp-json\/wp\/v2\/types\/product"}],"replies":[{"embeddable":true,"href":"https:\/\/kuktaparty.hu\/en\/wp-json\/wp\/v2\/comments?post=7455"}],"wp:featuredmedia":[{"embeddable":true,"href":"https:\/\/kuktaparty.hu\/en\/wp-json\/wp\/v2\/media\/7460"}],"wp:attachment":[{"href":"https:\/\/kuktaparty.hu\/en\/wp-json\/wp\/v2\/media?parent=7455"}],"wp:term":[{"taxonomy":"product_brand","embeddable":true,"href":"https:\/\/kuktaparty.hu\/en\/wp-json\/wp\/v2\/product_brand?post=7455"},{"taxonomy":"product_cat","embeddable":true,"href":"https:\/\/kuktaparty.hu\/en\/wp-json\/wp\/v2\/product_cat?post=7455"},{"taxonomy":"product_tag","embeddable":true,"href":"https:\/\/kuktaparty.hu\/en\/wp-json\/wp\/v2\/product_tag?post=7455"}],"curies":[{"name":"wp","href":"https:\/\/api.w.org\/{rel}","templated":true}]}}