{"id":7345,"date":"2026-02-24T12:50:36","date_gmt":"2026-02-24T11:50:36","guid":{"rendered":"https:\/\/kuktaparty.hu\/?post_type=product&#038;p=7345"},"modified":"2026-03-31T10:29:54","modified_gmt":"2026-03-31T08:29:54","slug":"pho-nomenalis-street-sweet-vietnamese-workshop","status":"publish","type":"product","link":"https:\/\/kuktaparty.hu\/en\/termek\/pho-nomenalis-street-sweet-vietnami-workshop\/","title":{"rendered":"Phenomenal street &amp; sweet Vietnamese workshop"},"content":{"rendered":"<h5>Duration: 3 hours<strong><br \/>\n<\/strong>Number of people: 18<strong><br \/>\n<\/strong>Technical difficulty:<a href=\"https:\/\/kuktaparty.hu\/wp-content\/uploads\/2024\/10\/star_29dp_003C0E_FILL0_wght400_GRAD0_opsz24.svg\"><img decoding=\"async\" class=\"alignnone size-full wp-image-2111\" src=\"https:\/\/kuktaparty.hu\/wp-content\/uploads\/2024\/10\/star_29dp_003C0E_FILL0_wght400_GRAD0_opsz24.svg\" alt=\"\" width=\"24\" height=\"24\" \/><\/a><a href=\"https:\/\/kuktaparty.hu\/wp-content\/uploads\/2024\/10\/star_29dp_003C0E_FILL0_wght400_GRAD0_opsz24.svg\"><img decoding=\"async\" class=\"alignnone size-full wp-image-2111\" src=\"https:\/\/kuktaparty.hu\/wp-content\/uploads\/2024\/10\/star_29dp_003C0E_FILL0_wght400_GRAD0_opsz24.svg\" alt=\"\" width=\"24\" height=\"24\" \/><\/a><a href=\"https:\/\/kuktaparty.hu\/wp-content\/uploads\/2024\/10\/star_29dp_003C0E_FILL0_wght400_GRAD0_opsz24.svg\"><img decoding=\"async\" class=\"alignnone size-full wp-image-2111\" src=\"https:\/\/kuktaparty.hu\/wp-content\/uploads\/2024\/10\/star_29dp_003C0E_FILL0_wght400_GRAD0_opsz24.svg\" alt=\"\" width=\"24\" height=\"24\" \/><\/a><br \/>\nRaw material use:<a style=\"font-family: inherit; font-size: 24px; font-style: inherit; font-weight: inherit;\" href=\"https:\/\/kuktaparty.hu\/wp-content\/uploads\/2024\/10\/star_29dp_003C0E_FILL0_wght400_GRAD0_opsz24.svg\"><img decoding=\"async\" class=\"alignnone size-full wp-image-2111\" src=\"https:\/\/kuktaparty.hu\/wp-content\/uploads\/2024\/10\/star_29dp_003C0E_FILL0_wght400_GRAD0_opsz24.svg\" alt=\"\" width=\"24\" height=\"24\" \/><\/a><a style=\"font-family: inherit; font-size: 24px; font-style: inherit; font-weight: inherit;\" href=\"https:\/\/kuktaparty.hu\/wp-content\/uploads\/2024\/10\/star_29dp_003C0E_FILL0_wght400_GRAD0_opsz24.svg\"><img decoding=\"async\" class=\"alignnone size-full wp-image-2111\" src=\"https:\/\/kuktaparty.hu\/wp-content\/uploads\/2024\/10\/star_29dp_003C0E_FILL0_wght400_GRAD0_opsz24.svg\" alt=\"\" width=\"24\" height=\"24\" \/><\/a><a style=\"font-family: inherit; font-size: 24px; font-style: inherit; font-weight: inherit;\" href=\"https:\/\/kuktaparty.hu\/wp-content\/uploads\/2024\/10\/star_29dp_003C0E_FILL0_wght400_GRAD0_opsz24.svg\"><img decoding=\"async\" class=\"alignnone size-full wp-image-2111\" src=\"https:\/\/kuktaparty.hu\/wp-content\/uploads\/2024\/10\/star_29dp_003C0E_FILL0_wght400_GRAD0_opsz24.svg\" alt=\"\" width=\"24\" height=\"24\" \/><\/a><a style=\"font-family: inherit; font-size: 24px; font-style: inherit; font-weight: inherit;\" href=\"https:\/\/kuktaparty.hu\/wp-content\/uploads\/2024\/10\/star_29dp_003C0E_FILL0_wght400_GRAD0_opsz24.svg\"><img decoding=\"async\" class=\"alignnone size-full wp-image-2111\" src=\"https:\/\/kuktaparty.hu\/wp-content\/uploads\/2024\/10\/star_29dp_003C0E_FILL0_wght400_GRAD0_opsz24.svg\" alt=\"\" width=\"24\" height=\"24\" \/><\/a><br \/>\nChef: Kata G\u00e9czi<\/h5>\n<h5>Language: hungarian<\/h5>\n<h5><\/h5>","protected":false},"excerpt":{"rendered":"<p><strong>Bangkok-Saigon. Gold of the East<\/strong><\/p>\n<p>Iconic Southeast Asian dishes with a contemporary approach. The depth of fragrant pho soup,<br \/>\nthe balance of flavours of tamarind duck and toasted noodles, and the creamy softness of mango sticky rice<br \/>\ncome together in a deliberately constructed menu.<\/p>\n<p>Pure flavours, precise technique, modern serving - a free-flowing yet professionally inspiring shared cooking experience for all,<br \/>\nwho like to relive classic Asian dishes.<\/p>\n<p>This is not a street food night, but a layered and flavourful Asian gastronomic experience.<\/p>\n<h3>- Pho soup - the way we like it<\/h3>\n<p>Intense, yet clean. Long-cooked stock, aromatic spices, thinly sliced, juicy beef tenderloin,<br \/>\nfresh coriander and lime - umami, freshness and texture in one bowl.<\/p>\n<h3>- Roast duck with tamarind sauce, toasted noodles<\/h3>\n<p>We build on contrasts: crispy leather, crumbly duck, vibrant tamarind and wok-tossed noodles.<br \/>\nDepth, freshness and dynamism on a plate.<\/p>\n<p>&nbsp;<\/p>\n<h3>- Sticky rice with mango<\/h3>\n<p>Creamy, slightly spicy sticky rice topped with the natural sweetness of ripe mango.<br \/>\nFresh and harmonious at the same time - an elegant end to our Asian flavour journey.<\/p>\n<p><strong>Come and prepare this magical menu with Kata!<\/strong><\/p>","protected":false},"featured_media":7357,"comment_status":"open","ping_status":"closed","template":"","meta":{"_seopress_robots_primary_cat":"none","_seopress_titles_title":"\u00c1zsiai F\u0151z\u0151kurzus Budapesten \u2013 Pho, S\u00fclt Kacsa \u00e9s...","_seopress_titles_desc":"Bangkok\u2013Saigon \u2013 Kelet aranyai egy pr\u00e9mium \u00e1zsiai f\u0151z\u0151kurzus Budapesten, ahol a d\u00e9lkelet-\u00e1zsiai konyha ikonikus fog\u00e1sait k\u00e9sz\u00edtj\u00fck el foglald le a kurzust most","_seopress_robots_index":"","_eb_attr":""},"product_brand":[],"product_cat":[24],"product_tag":[],"class_list":{"0":"post-7345","1":"product","2":"type-product","3":"status-publish","4":"has-post-thumbnail","6":"product_cat-kurzusok","7":"sales-flash-overlay","8":"woocommerce-text-align-center","9":"woocommerce-image-align-center","10":"do-quantity-buttons","11":"wc-has-gallery","13":"first","14":"instock","15":"virtual","16":"taxable","17":"purchasable","18":"product-type-simple"},"_links":{"self":[{"href":"https:\/\/kuktaparty.hu\/en\/wp-json\/wp\/v2\/product\/7345","targetHints":{"allow":["GET"]}}],"collection":[{"href":"https:\/\/kuktaparty.hu\/en\/wp-json\/wp\/v2\/product"}],"about":[{"href":"https:\/\/kuktaparty.hu\/en\/wp-json\/wp\/v2\/types\/product"}],"replies":[{"embeddable":true,"href":"https:\/\/kuktaparty.hu\/en\/wp-json\/wp\/v2\/comments?post=7345"}],"wp:featuredmedia":[{"embeddable":true,"href":"https:\/\/kuktaparty.hu\/en\/wp-json\/wp\/v2\/media\/7357"}],"wp:attachment":[{"href":"https:\/\/kuktaparty.hu\/en\/wp-json\/wp\/v2\/media?parent=7345"}],"wp:term":[{"taxonomy":"product_brand","embeddable":true,"href":"https:\/\/kuktaparty.hu\/en\/wp-json\/wp\/v2\/product_brand?post=7345"},{"taxonomy":"product_cat","embeddable":true,"href":"https:\/\/kuktaparty.hu\/en\/wp-json\/wp\/v2\/product_cat?post=7345"},{"taxonomy":"product_tag","embeddable":true,"href":"https:\/\/kuktaparty.hu\/en\/wp-json\/wp\/v2\/product_tag?post=7345"}],"curies":[{"name":"wp","href":"https:\/\/api.w.org\/{rel}","templated":true}]}}