{"id":4893,"date":"2025-04-14T08:23:48","date_gmt":"2025-04-14T07:23:48","guid":{"rendered":"https:\/\/kuktaparty.hu\/?post_type=product&#038;p=4893"},"modified":"2026-03-29T16:53:21","modified_gmt":"2026-03-29T14:53:21","slug":"nyari-tabor-1-rotation","status":"publish","type":"product","link":"https:\/\/kuktaparty.hu\/en\/termek\/nyari-tabor-1-turnus\/","title":{"rendered":"Camp of Young Chefs and Small Cooks 2026.1."},"content":{"rendered":"<p class=\"\" data-start=\"575\" data-end=\"672\"><strong data-start=\"575\" data-end=\"672\">Summer Camp for Young Chefs and Little Cooks<br \/>\n2026. 06. 22. - 2026. 06. 26.<br \/>\n<\/strong><\/p>\n<p class=\"\" data-start=\"674\" data-end=\"878\">The Kuktaparty summer day camp is for children aged 7-13 who would like to learn about the world of cooking while spending a fun-filled week with friends in a good atmosphere.<\/p>\n<p class=\"\" data-start=\"880\" data-end=\"1133\">The camp takes place every weekday from 8:00 to 16:00, where we teach the children the basics of cooking in a playful way, they learn about special ingredients and spices, we go to the market together and prepare lunch and snack together every day.<\/p>\n<p class=\"\" data-start=\"1135\" data-end=\"1152\">The programme includes:<\/p>\n<ul data-start=\"1153\" data-end=\"1370\">\n<li class=\"\" data-start=\"1153\" data-end=\"1172\">\n<p class=\"\" data-start=\"1155\" data-end=\"1172\">Breakfast at half past 8:30<\/p>\n<\/li>\n<li class=\"\" data-start=\"1173\" data-end=\"1204\">\n<p class=\"\" data-start=\"1175\" data-end=\"1204\">Discussion of the daily cooking programme<\/p>\n<\/li>\n<li class=\"\" data-start=\"1205\" data-end=\"1240\">\n<p class=\"\" data-start=\"1207\" data-end=\"1240\">Preparing lunch and snack together<\/p>\n<\/li>\n<li class=\"\" data-start=\"1241\" data-end=\"1260\">\n<p class=\"\" data-start=\"1243\" data-end=\"1260\">Lunch together at noon<\/p>\n<\/li>\n<li class=\"\" data-start=\"1261\" data-end=\"1350\">\n<p class=\"\" data-start=\"1263\" data-end=\"1350\">After-lunch games, recreational activities (e.g. playground, ball games, board games)<\/p>\n<\/li>\n<li class=\"\" data-start=\"1351\" data-end=\"1370\">\n<p class=\"\" data-start=\"1353\" data-end=\"1370\">Snack at half past three<\/p>\n<\/li>\n<\/ul>\n<p class=\"\" data-start=\"1372\" data-end=\"1398\">The tour fee includes:<\/p>\n<ul data-start=\"1399\" data-end=\"1680\">\n<li class=\"\" data-start=\"1399\" data-end=\"1449\">\n<p class=\"\" data-start=\"1401\" data-end=\"1449\">Three meals a day (breakfast, lunch, snack)<\/p>\n<\/li>\n<li class=\"\" data-start=\"1450\" data-end=\"1492\">\n<p class=\"\" data-start=\"1452\" data-end=\"1492\">Lemonade, syrup and mineral water unlimited<\/p>\n<\/li>\n<li class=\"\" data-start=\"1493\" data-end=\"1549\">\n<p class=\"\" data-start=\"1495\" data-end=\"1549\">A unique apron for every little one to take home<\/p>\n<\/li>\n<li class=\"\" data-start=\"1550\" data-end=\"1591\">\n<p class=\"\" data-start=\"1552\" data-end=\"1591\">Diploma and recipe collection at the end of the week<\/p>\n<\/li>\n<li class=\"\" data-start=\"1592\" data-end=\"1641\">\n<p class=\"\" data-start=\"1594\" data-end=\"1641\">Skilled, child-focused chefs and animators<\/p>\n<\/li>\n<li class=\"\" data-start=\"1642\" data-end=\"1680\">\n<p class=\"\" data-start=\"1644\" data-end=\"1680\">Accident prevention education on the first day<\/p>\n<\/li>\n<\/ul>\n<p class=\"\" data-start=\"1682\" data-end=\"1738\">Maximum number of people on the tour: <strong data-start=\"1711\" data-end=\"1720\">20 persons<\/strong> - book early!<\/p>\n<p class=\"\" data-start=\"1740\" data-end=\"1892\">\u26a0\ufe0f Please make sure your child arrives in closed shoes and comfortable, washable clothes!<br data-start=\"1816\" data-end=\"1819\" \/>\u26a0\ufe0f Unfortunately we cannot accept children with SNI, ADHD or food allergies.<\/p>\n<p class=\"\" data-start=\"1894\" data-end=\"2036\">Pictures and videos taken at the camp can be shared on the Kuktaparty online platform - by registering you automatically agree to this.<\/p>","protected":false},"excerpt":{"rendered":"<p>Bring your child to the Kuktaparty summer day camp, where they will have fun learning about the joys of cooking, friends and playful adventures!<\/p>\n<p><strong data-start=\"575\" data-end=\"672\">2026. 06. 22. - 2026. 06. 26.<\/strong><\/p>\n<p class=\"\" data-start=\"1562\" data-end=\"1634\"><strong>The fee paid includes:<\/strong><br \/>\n- Meals three times a day (lunch and snacks are prepared together)<br \/>\n- Lemonade, syrup, mineral water<br \/>\n- We give an apron to each young chef, which you will receive as a gift at the end of the tour<br \/>\n- Diploma at the end of the course<br \/>\n- Recipes of the week's prepared meals<\/p>\n<p>We want children to learn the basics of cooking in a playful way, along with some home economics, and to develop a love of cooking.<\/p>\n<p>The kitchen is a dangerous place! Therefore, on the first day of each rotation, we will give the kids a little accident education. We try to keep children away from all hot areas (stove top) and knives. Each child will receive a small apron to take home as a gift at the end of the week. Children are asked to come to camp in closed shoes and clothing that may need flour or food stamps.<\/p>\n<p class=\"\" data-start=\"1181\" data-end=\"1238\"><strong data-start=\"1181\" data-end=\"1193\">Date:<\/strong> Monday to Friday, every week 8:00-16:00<br \/>\n<strong data-start=\"1317\" data-end=\"1335\">Limit on the number of seats:<\/strong> max. 20 persons per tour<br \/>\n<strong>Location:<\/strong> <a href=\"https:\/\/www.google.com\/maps\/place\/Budapest,+Gizella+%C3%BAt+36,+1143\/@47.5085536,19.0969816,17z\/data=!3m1!4b1!4m6!3m5!1s0x4741dc830285d1c5:0x78cccdb23879021!8m2!3d47.5085536!4d19.0995565!16s%2Fg%2F11fwhlhblz?entry=ttu&amp;g_ep=EgoyMDI0MTAxNC4wIKXMDSoASAFQAw%3D%3D\"><span class=\"elementor-icon-list-text\">Budapest XIV. Gizella \u00fat 36.<\/span><\/a><\/p>","protected":false},"featured_media":7762,"comment_status":"open","ping_status":"closed","template":"","meta":{"_seopress_robots_primary_cat":"none","_seopress_titles_title":"","_seopress_titles_desc":"Hozd el gyermeked a Kuktaparty ny\u00e1ri napk\u00f6zis t\u00e1bor\u00e1ba, ahol sz\u00f3rakozva ismerkedhet meg a f\u0151z\u00e9s \u00f6r\u00f6m\u00e9vel, bar\u00e1tokkal \u00e9s j\u00e1t\u00e9kos kalandokkal!","_seopress_robots_index":"","_eb_attr":""},"product_brand":[],"product_cat":[48],"product_tag":[],"class_list":{"0":"post-4893","1":"product","2":"type-product","3":"status-publish","4":"has-post-thumbnail","6":"product_cat-napkozis-tabor-gyerekeknek","7":"sales-flash-overlay","8":"woocommerce-text-align-center","9":"woocommerce-image-align-center","10":"do-quantity-buttons","12":"first","13":"instock","14":"virtual","15":"taxable","16":"purchasable","17":"product-type-simple"},"_links":{"self":[{"href":"https:\/\/kuktaparty.hu\/en\/wp-json\/wp\/v2\/product\/4893","targetHints":{"allow":["GET"]}}],"collection":[{"href":"https:\/\/kuktaparty.hu\/en\/wp-json\/wp\/v2\/product"}],"about":[{"href":"https:\/\/kuktaparty.hu\/en\/wp-json\/wp\/v2\/types\/product"}],"replies":[{"embeddable":true,"href":"https:\/\/kuktaparty.hu\/en\/wp-json\/wp\/v2\/comments?post=4893"}],"wp:featuredmedia":[{"embeddable":true,"href":"https:\/\/kuktaparty.hu\/en\/wp-json\/wp\/v2\/media\/7762"}],"wp:attachment":[{"href":"https:\/\/kuktaparty.hu\/en\/wp-json\/wp\/v2\/media?parent=4893"}],"wp:term":[{"taxonomy":"product_brand","embeddable":true,"href":"https:\/\/kuktaparty.hu\/en\/wp-json\/wp\/v2\/product_brand?post=4893"},{"taxonomy":"product_cat","embeddable":true,"href":"https:\/\/kuktaparty.hu\/en\/wp-json\/wp\/v2\/product_cat?post=4893"},{"taxonomy":"product_tag","embeddable":true,"href":"https:\/\/kuktaparty.hu\/en\/wp-json\/wp\/v2\/product_tag?post=4893"}],"curies":[{"name":"wp","href":"https:\/\/api.w.org\/{rel}","templated":true}]}}