{"id":3066,"date":"2024-11-29T10:25:39","date_gmt":"2024-11-29T09:25:39","guid":{"rendered":"https:\/\/kuktaparty.hu\/?post_type=product&#038;p=3066"},"modified":"2026-03-25T11:27:45","modified_gmt":"2026-03-25T10:27:45","slug":"pistachio-is-out-of-stock","status":"publish","type":"product","link":"https:\/\/kuktaparty.hu\/en\/termek\/pisztacia-kifogyott\/","title":{"rendered":"Pistachio out of chocolate was not even there! In my dreams America is waving me back!"},"content":{"rendered":"<h5>Duration: 3 hours<strong><br \/>\n<\/strong>Number of people: 18<strong><br \/>\n<\/strong>Technical difficulty:<a href=\"https:\/\/kuktaparty.hu\/wp-content\/uploads\/2024\/10\/star_29dp_003C0E_FILL0_wght400_GRAD0_opsz24.svg\"><img decoding=\"async\" class=\"alignnone size-full wp-image-2111\" src=\"https:\/\/kuktaparty.hu\/wp-content\/uploads\/2024\/10\/star_29dp_003C0E_FILL0_wght400_GRAD0_opsz24.svg\" alt=\"\" width=\"24\" height=\"24\" \/><\/a><a href=\"https:\/\/kuktaparty.hu\/wp-content\/uploads\/2024\/10\/star_29dp_003C0E_FILL0_wght400_GRAD0_opsz24.svg\"><img decoding=\"async\" class=\"alignnone size-full wp-image-2111\" src=\"https:\/\/kuktaparty.hu\/wp-content\/uploads\/2024\/10\/star_29dp_003C0E_FILL0_wght400_GRAD0_opsz24.svg\" alt=\"\" width=\"24\" height=\"24\" \/><\/a><br \/>\nRaw material use:<a style=\"font-family: inherit; font-size: 24px; font-style: inherit; font-weight: inherit;\" href=\"https:\/\/kuktaparty.hu\/wp-content\/uploads\/2024\/10\/star_29dp_003C0E_FILL0_wght400_GRAD0_opsz24.svg\"><img decoding=\"async\" class=\"alignnone size-full wp-image-2111\" src=\"https:\/\/kuktaparty.hu\/wp-content\/uploads\/2024\/10\/star_29dp_003C0E_FILL0_wght400_GRAD0_opsz24.svg\" alt=\"\" width=\"24\" height=\"24\" \/><\/a><a style=\"font-family: inherit; font-size: 24px; font-style: inherit; font-weight: inherit;\" href=\"https:\/\/kuktaparty.hu\/wp-content\/uploads\/2024\/10\/star_29dp_003C0E_FILL0_wght400_GRAD0_opsz24.svg\"><img decoding=\"async\" class=\"alignnone size-full wp-image-2111\" src=\"https:\/\/kuktaparty.hu\/wp-content\/uploads\/2024\/10\/star_29dp_003C0E_FILL0_wght400_GRAD0_opsz24.svg\" alt=\"\" width=\"24\" height=\"24\" \/><\/a><a style=\"font-family: inherit; font-size: 24px; font-style: inherit; font-weight: inherit;\" href=\"https:\/\/kuktaparty.hu\/wp-content\/uploads\/2024\/10\/star_29dp_003C0E_FILL0_wght400_GRAD0_opsz24.svg\"><img decoding=\"async\" class=\"alignnone size-full wp-image-2111\" src=\"https:\/\/kuktaparty.hu\/wp-content\/uploads\/2024\/10\/star_29dp_003C0E_FILL0_wght400_GRAD0_opsz24.svg\" alt=\"\" width=\"24\" height=\"24\" \/><\/a><a href=\"https:\/\/kuktaparty.hu\/wp-content\/uploads\/2024\/10\/star_29dp_003C0E_FILL0_wght400_GRAD0_opsz24.svg\"><img decoding=\"async\" class=\"alignnone size-full wp-image-2111\" src=\"https:\/\/kuktaparty.hu\/wp-content\/uploads\/2024\/10\/star_29dp_003C0E_FILL0_wght400_GRAD0_opsz24.svg\" alt=\"\" width=\"24\" height=\"24\" \/><\/a><br \/>\nLanguage: hungarian<br \/>\nChef: L\u00e1szl\u00f3 Asztalos<\/h5>\n<h5><\/h5>","protected":false},"excerpt":{"rendered":"<p>A &#8222;Piszt\u00e1cia kifogyott, csokol\u00e1d\u00e9 nem is volt&#8221; kurzusunkon felejthetetlen \u00edzkombin\u00e1ci\u00f3kat ismerhetsz meg, amelyek minden gasztron\u00f3miai \u00e1lmot val\u00f3ra v\u00e1ltanak. Ha szereted a klasszikus \u00e9telek modern csavarral val\u00f3 \u00fajragondol\u00e1s\u00e1t, ez a program neked sz\u00f3l!<\/p>\n<p>Ezen a k\u00fcl\u00f6nleges est\u00e9n h\u00e1rom fog\u00e1st k\u00e9sz\u00edt\u00fcnk el, amelyek egyszerre tradicion\u00e1lisak \u00e9s mer\u00e9szek, \u00e9s garant\u00e1ltan leny\u0171g\u00f6zik \u00edzlel\u0151bimb\u00f3idat. Az el\u0151\u00e9tel egy hamis\u00edtatlan <strong>C\u00e9z\u00e1r sal\u00e1ta<\/strong>, amelyet a Nagyk\u00f6nyv szellem\u00e9ben k\u00e9sz\u00edt\u00fcnk grillezett csirkemell cs\u00edkokkal, \u00e9s amely t\u00f6k\u00e9letes kezdete egy \u00ednycsikland\u00f3 vacsor\u00e1nak. A f\u0151\u00e9tel nem m\u00e1s, mint a legend\u00e1s <strong>Hagym\u00e1s bab gazdagon h\u00fassal<\/strong>, amelyet meggys\u00f6rben p\u00e1rolunk a Piedone-filmek \u00edzvil\u00e1g\u00e1nak hangulat\u00e1ban. A desszert pedig egy igaz\u00e1n \u00fcnnepi <strong>Mascarpone poh\u00e1rkr\u00e9m m\u00e9zeskal\u00e1cs-\u00e1gyon piszt\u00e1ci\u00e1val \u00e9s csokol\u00e1d\u00e9val<\/strong>, amely minden falat\u00e1val mosolyt csal az arcodra.<\/p>\n<p><strong>Men\u00fc:<\/strong><\/p>\n<ul>\n<li><strong>C\u00e9z\u00e1r sal\u00e1ta grillezett csirkemell cs\u00edkokkal<\/strong><br \/>\nEgy klasszikus sal\u00e1ta modern k\u00f6nt\u00f6sben: roppan\u00f3s z\u00f6ldek, l\u00e1gyan olvad\u00f3 sz\u00f3sz \u00e9s szaftos csirkemell. Az \u00edzek t\u00f6k\u00e9letes harm\u00f3ni\u00e1j\u00e1val h\u00f3d\u00edtja meg az asztalt.<\/li>\n<li><strong>Hagym\u00e1s bab gazdagon h\u00fassal, meggys\u00f6rben p\u00e1rolva<\/strong><br \/>\nEgy igazi legend\u00e1s fog\u00e1s, amelyben a gazdag, f\u0171szeres \u00edzek tal\u00e1lkoznak a s\u00f6r arom\u00e1j\u00e1val. A Piedone-filmek ikonikus hagyom\u00e1nya elevenedik meg minden falatban.<\/li>\n<li><strong>Mascarpone poh\u00e1rkr\u00e9m m\u00e9zeskal\u00e1cs-\u00e1gyon piszt\u00e1ci\u00e1val \u00e9s csokol\u00e1d\u00e9val<\/strong><br \/>\nA t\u00f6k\u00e9letes desszert, amelyben a mascarpone kr\u00e9mess\u00e9ge, a m\u00e9zeskal\u00e1cs f\u0171szeress\u00e9ge \u00e9s a piszt\u00e1cia finoms\u00e1ga tal\u00e1lkozik. Egy mennyei befejez\u00e9s, amit nem felejtesz el.<\/li>\n<\/ul>\n<p><strong>L\u00e9pj be a kulin\u00e1ris csod\u00e1k birodalm\u00e1ba, \u00e9s \u00e9ld \u00e1t, hogyan v\u00e1lhatsz mesterr\u00e9 a piszt\u00e1cia \u00e9s csokol\u00e1d\u00e9 var\u00e1zslat\u00e1ban!<\/strong><\/p>\n<p>Kattints a jelentkez\u00e9si \u0171rlapra, \u00e9s biztos\u00edtsd helyedet ezen a k\u00fcl\u00f6nleges gasztron\u00f3miai kalandon.<\/p>\n<p>M\u00e1sik id\u0151pontra jelentkezn\u00e9k:<\/p>\n<h3><strong>M\u00e1sik id\u0151pontra jelentkezn\u00e9k:<\/strong><\/p>\n<div class='fluentform ff-default fluentform_wrapper_7 ffs_custom_wrap'>\n<form data-form_id=\"7\" id=\"fluentform_7\" class=\"frm-fluent-form fluent_form_7 ff-el-form-top ff_form_instance_7_1 ff-form-loading ffs_custom\" data-form_instance=\"ff_form_instance_7_1\" method=\"POST\" >\n<fieldset  style=\"border: none!important;margin: 0!important;padding: 0!important;background-color: transparent!important;box-shadow: none!important;outline: none!important; min-inline-size: 100%;\">\n<legend class=\"ff_screen_reader_title\" style=\"display: block; margin: 0!important;padding: 0!important;height: 0!important;text-indent: -999999px;width: 0!important;overflow:hidden;\">Kurzus jelentkez\u00e9s<\/legend>\n<p><input type='hidden' name='__fluent_form_embded_post_id' value='3066' \/><input type=\"hidden\" id=\"_fluentform_7_fluentformnonce\" name=\"_fluentform_7_fluentformnonce\" value=\"1ab4c18793\" \/><input type=\"hidden\" name=\"_wp_http_referer\" value=\"\/en\/wp-json\/wp\/v2\/product\/3066\" \/><\/p>\n<div data-type=\"name-element\" data-name=\"names\" class=\" ff-field_container ff-name-field-wrapper\" >\n<div class='ff-t-container'>\n<div class='ff-t-cell '>\n<div class='ff-el-group  ff-el-form-top'>\n<div class=\"ff-el-input--label asterisk-right\"><label for='ff_7_names_first_name_' id='label_ff_7_names_first_name_' >Keresztn\u00e9v <\/label><\/div>\n<div class='ff-el-input--content'><input type=\"text\" name=\"names[first_name]\" id=\"ff_7_names_first_name_\" class=\"ff-el-form-control\" placeholder=\"Istv\u00e1n \" aria-invalid=\"false\" aria-required=false><\/div>\n<\/div>\n<\/div>\n<div class='ff-t-cell '>\n<div class='ff-el-group  ff-el-form-top'>\n<div class=\"ff-el-input--label asterisk-right\"><label for='ff_7_names_last_name_' id='label_ff_7_names_last_name_' >Vezet\u00e9k n\u00e9v <\/label><\/div>\n<div class='ff-el-input--content'><input type=\"text\" name=\"names[last_name]\" id=\"ff_7_names_last_name_\" class=\"ff-el-form-control\" placeholder=\"Kov\u00e1cs \" aria-invalid=\"false\" aria-required=false><\/div>\n<\/div>\n<\/div>\n<\/div>\n<\/div>\n<div class='ff-el-group'>\n<div class=\"ff-el-input--label ff-el-is-required asterisk-right\"><label for='ff_7_email' id='label_ff_7_email' aria-label=\"\u00c9rtes\u00edt\u00e9si e-mail c\u00edm\">\u00c9rtes\u00edt\u00e9si e-mail c\u00edm <\/label><\/div>\n<div class='ff-el-input--content'><input type=\"email\" name=\"email\" id=\"ff_7_email\" class=\"ff-el-form-control\" placeholder=\"kovacsistvan@gmail.com \" data-name=\"email\"  aria-invalid=\"false\" aria-required=true><\/div>\n<\/div>\n<div class='ff-el-group'>\n<div class=\"ff-el-input--label ff-el-is-required asterisk-right\"><label for='ff_7_phone' id='label_ff_7_phone' aria-label=\"\u00c9rtes\u00edt\u00e9si telefonsz\u00e1m.\">\u00c9rtes\u00edt\u00e9si telefonsz\u00e1m. <\/label><\/div>\n<div class='ff-el-input--content'><input name=\"phone\" class=\"ff-el-form-control ff-el-phone\" type=\"tel\" placeholder=\"+36201231234\" data-name=\"phone\" id=\"ff_7_phone\" inputmode=\"tel\"  aria-invalid='false' aria-required=true><\/div>\n<\/div>\n<div class='ff-el-group has-conditions'>\n<div class=\"ff-el-input--label ff-el-is-required asterisk-right\"><label   aria-label=\"H\u00e1ny f\u0151 szeretne jelentkezni (ha esetleg valaki m\u00e1sok nev\u00e9ben is jelentkezik).\">H\u00e1ny f\u0151 szeretne jelentkezni (ha esetleg valaki m\u00e1sok nev\u00e9ben is jelentkezik).<\/label><\/div>\n<div class='ff-el-input--content'>\n<div class='ff-el-form-check ff-el-form-check-'><label class='ff-el-form-check-label' for='checkbox_29deb3f9b803a945602230bda63496a6'><input  type=\"checkbox\" name=\"checkbox[]\" data-name=\"checkbox\" class=\"ff-el-form-check-input ff-el-form-check-checkbox\" value=\"Egyed\u00fcl j\u00f6nn\u00e9k \"  id='checkbox_29deb3f9b803a945602230bda63496a6' aria-label='Egyed\u00fcl j\u00f6nn\u00e9k' aria-invalid='false' aria-required=true> <span>Egyed\u00fcl j\u00f6nn\u00e9k <\/span><\/label><\/div>\n<div class='ff-el-form-check ff-el-form-check-'><label class='ff-el-form-check-label' for='checkbox_80073063e7efadbf6e66b9e7885af890'><input  type=\"checkbox\" name=\"checkbox[]\" data-name=\"checkbox\" class=\"ff-el-form-check-input ff-el-form-check-checkbox\" value=\"T\u00f6bben szeretn\u00e9nk j\u00f6nni\"  id='checkbox_80073063e7efadbf6e66b9e7885af890' aria-label='T\u00f6bben szeretn\u00e9nk j\u00f6nni' aria-invalid='false' aria-required=true> <span>T\u00f6bben szeretn\u00e9nk j\u00f6nni<\/span><\/label><\/div>\n<\/div>\n<\/div>\n<div class='ff-el-group'>\n<div class=\"ff-el-input--label asterisk-right\"><label for='ff_7_message' id='label_ff_7_message' aria-label=\"Ha t\u00f6bben szeretn\u00e9tek j\u00f6nni h\u00e1ny f\u0151 jelentkezne?\">Ha t\u00f6bben szeretn\u00e9tek j\u00f6nni h\u00e1ny f\u0151 jelentkezne? <\/label><\/div>\n<div class='ff-el-input--content'><textarea aria-required=\"false\" aria-labelledby=\"label_ff_7_message\" name=\"message\" id=\"ff_7_message\" class=\"ff-el-form-control\" rows=\"4\" cols=\"2\" data-name=\"message\" ><\/textarea><\/div>\n<\/div>\n<div class='ff-el-group'>\n<div class=\"ff-el-input--label asterisk-right\"><label for='ff_7_message_1' id='label_ff_7_message_1' aria-label=\"Megjegyz\u00e9sek \/ K\u00e9rd\u00e9sek\">Megjegyz\u00e9sek \/ K\u00e9rd\u00e9sek<\/label><\/div>\n<div class='ff-el-input--content'><textarea aria-required=\"false\" aria-labelledby=\"label_ff_7_message_1\" name=\"message_1\" id=\"ff_7_message_1\" class=\"ff-el-form-control\" placeholder=\"\u00cdrj plusz inf\u00f3kat vagy k\u00e9rd\u00e9seket\" rows=\"4\" cols=\"2\" data-name=\"message_1\" ><\/textarea><\/div>\n<\/div>\n<div class='ff-el-group    ff-el-input--content'>\n<div class='ff-el-form-check ff-el-tc'><label aria-label='Terms and Conditions:  Elovastam \u00e9s elfogadom az adatkezel\u00e9si szab\u00e1lyzatot. Contains 1 link. Use tab navigation to review.' class='ff-el-form-check-label ff_tc_label' for=gdpr-agreement_d10c0c02653bcbd59cbf18808c8bf096><span class='ff_tc_checkbox'><input type=\"checkbox\" name=\"gdpr-agreement\" class=\"ff-el-form-check-input ff_gdpr_field\" data-name=\"gdpr-agreement\" id=\"gdpr-agreement_d10c0c02653bcbd59cbf18808c8bf096\"  value='on' aria-invalid='false' aria-required=true><\/span> <\/p>\n<div class='ff_t_c'> Elovastam \u00e9s elfogadom az <a rel=\"noopener\" href=\"https:\/\/kuktaparty.hu\/adatkezelesi-tajekoztato\/\" target=\"_blank\">adatkezel\u00e9si szab\u00e1lyzatot<\/a>.<\/div>\n<p><\/label><\/div>\n<\/div>\n<div class='ff-el-group ff-text-left ff_submit_btn_wrapper'><button type=\"submit\" class=\"ff-btn ff-btn-submit ff-btn-md ff_btn_style\"  aria-label=\"\u00c9rtes\u00edt\u00e9s k\u00e9rek\">\u00c9rtes\u00edt\u00e9s k\u00e9rek<\/button><\/div>\n<\/fieldset>\n<\/form>\n<div id='fluentform_7_errors' class='ff-errors-in-stack ff_form_instance_7_1 ff-form-loading_errors ff_form_instance_7_1_errors'><\/div>\n<\/div>\n<p>            <script type=\"text\/javascript\">\n                window.fluent_form_ff_form_instance_7_1 = {\"id\":\"7\",\"ajaxUrl\":\"https:\\\/\\\/kuktaparty.hu\\\/wp-admin\\\/admin-ajax.php\",\"settings\":{\"layout\":{\"labelPlacement\":\"top\",\"asteriskPlacement\":\"asterisk-right\",\"helpMessagePlacement\":\"with_label\",\"errorMessagePlacement\":\"inline\",\"cssClassName\":\"\"},\"restrictions\":{\"denyEmptySubmission\":{\"enabled\":false}}},\"form_instance\":\"ff_form_instance_7_1\",\"form_id_selector\":\"fluentform_7\",\"rules\":{\"names[first_name]\":{\"required\":{\"value\":false,\"message\":\"A mez\\u0151 kit\\u00f6lt\\u00e9se k\\u00f6telez\\u0151\",\"global\":true,\"global_message\":\"A mez\\u0151 kit\\u00f6lt\\u00e9se k\\u00f6telez\\u0151\"}},\"names[middle_name]\":{\"required\":{\"value\":false,\"message\":\"A mez\\u0151 kit\\u00f6lt\\u00e9se k\\u00f6telez\\u0151\",\"global\":true,\"global_message\":\"A mez\\u0151 kit\\u00f6lt\\u00e9se k\\u00f6telez\\u0151\"}},\"names[last_name]\":{\"required\":{\"value\":false,\"message\":\"A mez\\u0151 kit\\u00f6lt\\u00e9se k\\u00f6telez\\u0151\",\"global\":true,\"global_message\":\"A mez\\u0151 kit\\u00f6lt\\u00e9se k\\u00f6telez\\u0151\"}},\"email\":{\"required\":{\"value\":true,\"message\":\"A mez\\u0151 kit\\u00f6lt\\u00e9se k\\u00f6telez\\u0151\",\"global\":true,\"global_message\":\"A mez\\u0151 kit\\u00f6lt\\u00e9se k\\u00f6telez\\u0151\"},\"email\":{\"value\":true,\"message\":\"K\\u00e9rlek adj meg val\\u00f3s e-mail c\\u00edmet\",\"global\":true,\"global_message\":\"K\\u00e9rlek adj meg val\\u00f3s e-mail c\\u00edmet\"}},\"phone\":{\"required\":{\"value\":true,\"global\":true,\"message\":\"A mez\\u0151 kit\\u00f6lt\\u00e9se k\\u00f6telez\\u0151\",\"global_message\":\"A mez\\u0151 kit\\u00f6lt\\u00e9se k\\u00f6telez\\u0151\"},\"valid_phone_number\":{\"value\":false,\"global\":true,\"message\":\"A telefonsz\\u00e1m nem t\\u0171nik val\\u00f3snak\",\"global_message\":\"A telefonsz\\u00e1m nem t\\u0171nik val\\u00f3snak\"}},\"checkbox\":{\"required\":{\"value\":true,\"message\":\"A mez\\u0151 kit\\u00f6lt\\u00e9se k\\u00f6telez\\u0151\",\"global_message\":\"A mez\\u0151 kit\\u00f6lt\\u00e9se k\\u00f6telez\\u0151\",\"global\":true}},\"message\":{\"required\":{\"value\":false,\"message\":\"A mez\\u0151 kit\\u00f6lt\\u00e9se k\\u00f6telez\\u0151\",\"global\":true,\"global_message\":\"A mez\\u0151 kit\\u00f6lt\\u00e9se k\\u00f6telez\\u0151\"}},\"message_1\":{\"required\":{\"value\":false,\"message\":\"A mez\\u0151 kit\\u00f6lt\\u00e9se k\\u00f6telez\\u0151\",\"global\":true,\"global_message\":\"A mez\\u0151 kit\\u00f6lt\\u00e9se k\\u00f6telez\\u0151\"}},\"gdpr-agreement\":{\"required\":{\"value\":true,\"message\":\"A mez\\u0151 kit\\u00f6lt\\u00e9se k\\u00f6telez\\u0151\",\"global_message\":\"A mez\\u0151 kit\\u00f6lt\\u00e9se k\\u00f6telez\\u0151\",\"global\":true}}},\"debounce_time\":300,\"conditionals\":{\"checkbox\":{\"type\":\"any\",\"status\":true,\"conditions\":[{\"field\":\"message\",\"value\":\"\",\"operator\":\"startsWith\"}]}}};\n                            <\/script><br \/>\n            <\/h3>\n","protected":false},"featured_media":7428,"comment_status":"open","ping_status":"closed","template":"","meta":{"_seopress_robots_primary_cat":"none","_seopress_titles_title":"%%sitetitle%% %%sep%% %%post_title%%","_seopress_titles_desc":"kurzusunkon felejthetetlen \u00edzkombin\u00e1ci\u00f3kat ismerhetsz meg, amelyek minden gasztron\u00f3miai \u00e1lmot val\u00f3ra v\u00e1ltanak. Ha szereted a klasszikus \u00e9telek modern csavarral val\u00f3 \u00fajragondol\u00e1s\u00e1t, ez a program neked sz\u00f3l!","_seopress_robots_index":"","_eb_attr":""},"product_brand":[],"product_cat":[24],"product_tag":[],"class_list":{"0":"post-3066","1":"product","2":"type-product","3":"status-publish","4":"has-post-thumbnail","6":"product_cat-kurzusok","7":"sales-flash-overlay","8":"woocommerce-text-align-center","9":"woocommerce-image-align-center","10":"do-quantity-buttons","11":"wc-has-gallery","13":"first","14":"instock","15":"virtual","16":"taxable","17":"purchasable","18":"product-type-simple"},"_links":{"self":[{"href":"https:\/\/kuktaparty.hu\/en\/wp-json\/wp\/v2\/product\/3066","targetHints":{"allow":["GET"]}}],"collection":[{"href":"https:\/\/kuktaparty.hu\/en\/wp-json\/wp\/v2\/product"}],"about":[{"href":"https:\/\/kuktaparty.hu\/en\/wp-json\/wp\/v2\/types\/product"}],"replies":[{"embeddable":true,"href":"https:\/\/kuktaparty.hu\/en\/wp-json\/wp\/v2\/comments?post=3066"}],"wp:featuredmedia":[{"embeddable":true,"href":"https:\/\/kuktaparty.hu\/en\/wp-json\/wp\/v2\/media\/7428"}],"wp:attachment":[{"href":"https:\/\/kuktaparty.hu\/en\/wp-json\/wp\/v2\/media?parent=3066"}],"wp:term":[{"taxonomy":"product_brand","embeddable":true,"href":"https:\/\/kuktaparty.hu\/en\/wp-json\/wp\/v2\/product_brand?post=3066"},{"taxonomy":"product_cat","embeddable":true,"href":"https:\/\/kuktaparty.hu\/en\/wp-json\/wp\/v2\/product_cat?post=3066"},{"taxonomy":"product_tag","embeddable":true,"href":"https:\/\/kuktaparty.hu\/en\/wp-json\/wp\/v2\/product_tag?post=3066"}],"curies":[{"name":"wp","href":"https:\/\/api.w.org\/{rel}","templated":true}]}}