{"id":2142,"date":"2024-10-20T17:15:17","date_gmt":"2024-10-20T15:15:17","guid":{"rendered":"https:\/\/kuktaparty.hu\/?post_type=product&#038;p=2142"},"modified":"2026-03-30T13:28:59","modified_gmt":"2026-03-30T11:28:59","slug":"saltimbocca-italian-fozocur","status":"publish","type":"product","link":"https:\/\/kuktaparty.hu\/en\/termek\/saltimbocca-olasz-fozokurzus\/","title":{"rendered":"Saltimbocca, or jump in my mouth"},"content":{"rendered":"<h5>Duration: 3 hours<strong><br \/>\n<\/strong>Number of people: 18<br \/>\nTechnical difficulty:<a href=\"https:\/\/kuktaparty.hu\/wp-content\/uploads\/2024\/10\/star_29dp_003C0E_FILL0_wght400_GRAD0_opsz24.svg\"><img decoding=\"async\" class=\"alignnone size-full wp-image-2111\" src=\"https:\/\/kuktaparty.hu\/wp-content\/uploads\/2024\/10\/star_29dp_003C0E_FILL0_wght400_GRAD0_opsz24.svg\" alt=\"\" width=\"24\" height=\"24\" \/><\/a><a href=\"https:\/\/kuktaparty.hu\/wp-content\/uploads\/2024\/10\/star_29dp_003C0E_FILL0_wght400_GRAD0_opsz24.svg\"><img decoding=\"async\" class=\"alignnone size-full wp-image-2111\" src=\"https:\/\/kuktaparty.hu\/wp-content\/uploads\/2024\/10\/star_29dp_003C0E_FILL0_wght400_GRAD0_opsz24.svg\" alt=\"\" width=\"24\" height=\"24\" \/><\/a><br \/>\nRaw material use:<a style=\"font-family: inherit; font-size: 24px; font-style: inherit; font-weight: inherit;\" href=\"https:\/\/kuktaparty.hu\/wp-content\/uploads\/2024\/10\/star_29dp_003C0E_FILL0_wght400_GRAD0_opsz24.svg\"><img decoding=\"async\" class=\"alignnone size-full wp-image-2111\" src=\"https:\/\/kuktaparty.hu\/wp-content\/uploads\/2024\/10\/star_29dp_003C0E_FILL0_wght400_GRAD0_opsz24.svg\" alt=\"\" width=\"24\" height=\"24\" \/><\/a><a style=\"font-family: inherit; font-size: 24px; font-style: inherit; font-weight: inherit;\" href=\"https:\/\/kuktaparty.hu\/wp-content\/uploads\/2024\/10\/star_29dp_003C0E_FILL0_wght400_GRAD0_opsz24.svg\"><img decoding=\"async\" class=\"alignnone size-full wp-image-2111\" src=\"https:\/\/kuktaparty.hu\/wp-content\/uploads\/2024\/10\/star_29dp_003C0E_FILL0_wght400_GRAD0_opsz24.svg\" alt=\"\" width=\"24\" height=\"24\" \/><\/a><a style=\"font-family: inherit; font-size: 24px; font-style: inherit; font-weight: inherit;\" href=\"https:\/\/kuktaparty.hu\/wp-content\/uploads\/2024\/10\/star_29dp_003C0E_FILL0_wght400_GRAD0_opsz24.svg\"><img decoding=\"async\" class=\"alignnone size-full wp-image-2111\" src=\"https:\/\/kuktaparty.hu\/wp-content\/uploads\/2024\/10\/star_29dp_003C0E_FILL0_wght400_GRAD0_opsz24.svg\" alt=\"\" width=\"24\" height=\"24\" \/><\/a><br \/>\nChef:<br \/>\nLanguage: hungarian<\/h5>","protected":false},"excerpt":{"rendered":"<p><strong>Saltimbocca, avagy ugorj a sz\u00e1mba \u2013 F\u0151z\u0151tanfolyam<\/strong><\/p>\n<p>Ismerd meg a klasszikus olasz konyha egyik leg\u00edzletesebb fog\u00e1s\u00e1t, a Saltimbocc\u00e1t! Ez a tanfolyam elkalauzol t\u00e9ged az olasz \u00edzek vil\u00e1g\u00e1ba, ahol megtanulhatod elk\u00e9sz\u00edteni ezt a k\u00fcl\u00f6nleges fog\u00e1st, valamint hozz\u00e1 ill\u0151 el\u0151\u00e9telt \u00e9s desszertet. Mindezt szak\u00e9rt\u0151 s\u00e9f ir\u00e1ny\u00edt\u00e1sa mellett, ahol a min\u0151s\u00e9gi alapanyagok \u00e9s az \u00edzletes kombin\u00e1ci\u00f3k ker\u00fclnek a k\u00f6z\u00e9ppontba.<\/p>\n<p><strong>Men\u00fc:<\/strong><\/p>\n<ol>\n<li><strong>Bazsalikomos friss t\u00e9pett sal\u00e1ta, grillezett mozzarell\u00e1val, s\u00fclt paradicsommal<\/strong> \u2013 Egy k\u00f6nnyed, friss\u00edt\u0151 el\u0151\u00e9tel, ahol a bazsalikom, a ropog\u00f3s sal\u00e1ta \u00e9s a grillezett mozzarella \u00edzei t\u00f6k\u00e9letes harm\u00f3ni\u00e1ban tal\u00e1lkoznak a s\u00fclt paradicsommal.<\/li>\n<li><strong>Saltimbocca, feh\u00e9rboros-citromm\u00e1rt\u00e1ssal, parmez\u00e1nos rizott\u00f3val<\/strong> \u2013 A klasszikus olasz fog\u00e1s, oml\u00f3s h\u00fas szeletek sonk\u00e1val \u00e9s zs\u00e1ly\u00e1val feh\u00e9rboros-citromos m\u00e1rt\u00e1sban, mell\u00e9 pedig egy kr\u00e9mes, gazdag parmez\u00e1nos rizott\u00f3.<\/li>\n<li><strong>Mascarpone goly\u00f3k ropog\u00f3s mandulak\u00e9regben, van\u00edli\u00e1s eper \u00f6ntettel<\/strong> \u2013 Egy \u00e9des z\u00e1r\u00e1sk\u00e9nt l\u00e1gy mascarpone goly\u00f3kat k\u00e9sz\u00edt\u00fcnk, melyeket ropog\u00f3s mandulak\u00e9regbe burkolunk, \u00e9s van\u00edli\u00e1s eper \u00f6ntettel t\u00e1lalunk.<\/li>\n<\/ol>\n<h4>Csatlakozz hozz\u00e1nk, \u00e9s \u00e9ld \u00e1t az olasz konyha \u00edzeit ezen a k\u00fcl\u00f6nleges tanfolyamon!<\/h4>\n<h3><strong>\u00c9rtes\u00edt\u00e9st k\u00e9rek a kurzus indul\u00e1sr\u00f3l\u00a0<\/strong><\/p>\n<div class='fluentform ff-default fluentform_wrapper_7 ffs_custom_wrap'>\n<form data-form_id=\"7\" id=\"fluentform_7\" class=\"frm-fluent-form fluent_form_7 ff-el-form-top ff_form_instance_7_1 ff-form-loading ffs_custom\" data-form_instance=\"ff_form_instance_7_1\" method=\"POST\" >\n<fieldset  style=\"border: none!important;margin: 0!important;padding: 0!important;background-color: transparent!important;box-shadow: none!important;outline: none!important; min-inline-size: 100%;\">\n<legend class=\"ff_screen_reader_title\" style=\"display: block; margin: 0!important;padding: 0!important;height: 0!important;text-indent: -999999px;width: 0!important;overflow:hidden;\">Kurzus jelentkez\u00e9s<\/legend>\n<p><input type='hidden' name='__fluent_form_embded_post_id' value='2142' \/><input type=\"hidden\" id=\"_fluentform_7_fluentformnonce\" name=\"_fluentform_7_fluentformnonce\" value=\"e8da8e99d4\" \/><input type=\"hidden\" name=\"_wp_http_referer\" value=\"\/en\/wp-json\/wp\/v2\/product\/2142\" \/><\/p>\n<div data-type=\"name-element\" data-name=\"names\" class=\" ff-field_container ff-name-field-wrapper\" >\n<div class='ff-t-container'>\n<div class='ff-t-cell '>\n<div class='ff-el-group  ff-el-form-top'>\n<div class=\"ff-el-input--label asterisk-right\"><label for='ff_7_names_first_name_' id='label_ff_7_names_first_name_' >Keresztn\u00e9v <\/label><\/div>\n<div class='ff-el-input--content'><input type=\"text\" name=\"names[first_name]\" id=\"ff_7_names_first_name_\" class=\"ff-el-form-control\" placeholder=\"Istv\u00e1n \" aria-invalid=\"false\" aria-required=false><\/div>\n<\/div>\n<\/div>\n<div class='ff-t-cell '>\n<div class='ff-el-group  ff-el-form-top'>\n<div class=\"ff-el-input--label asterisk-right\"><label for='ff_7_names_last_name_' id='label_ff_7_names_last_name_' >Vezet\u00e9k n\u00e9v <\/label><\/div>\n<div class='ff-el-input--content'><input type=\"text\" name=\"names[last_name]\" id=\"ff_7_names_last_name_\" class=\"ff-el-form-control\" placeholder=\"Kov\u00e1cs \" aria-invalid=\"false\" aria-required=false><\/div>\n<\/div>\n<\/div>\n<\/div>\n<\/div>\n<div class='ff-el-group'>\n<div class=\"ff-el-input--label ff-el-is-required asterisk-right\"><label for='ff_7_email' id='label_ff_7_email' aria-label=\"\u00c9rtes\u00edt\u00e9si e-mail c\u00edm\">\u00c9rtes\u00edt\u00e9si e-mail c\u00edm <\/label><\/div>\n<div class='ff-el-input--content'><input type=\"email\" name=\"email\" id=\"ff_7_email\" class=\"ff-el-form-control\" placeholder=\"kovacsistvan@gmail.com \" data-name=\"email\"  aria-invalid=\"false\" aria-required=true><\/div>\n<\/div>\n<div class='ff-el-group'>\n<div class=\"ff-el-input--label ff-el-is-required asterisk-right\"><label for='ff_7_phone' id='label_ff_7_phone' aria-label=\"\u00c9rtes\u00edt\u00e9si telefonsz\u00e1m.\">\u00c9rtes\u00edt\u00e9si telefonsz\u00e1m. <\/label><\/div>\n<div class='ff-el-input--content'><input name=\"phone\" class=\"ff-el-form-control ff-el-phone\" type=\"tel\" placeholder=\"+36201231234\" data-name=\"phone\" id=\"ff_7_phone\" inputmode=\"tel\"  aria-invalid='false' aria-required=true><\/div>\n<\/div>\n<div class='ff-el-group has-conditions'>\n<div class=\"ff-el-input--label ff-el-is-required asterisk-right\"><label   aria-label=\"H\u00e1ny f\u0151 szeretne jelentkezni (ha esetleg valaki m\u00e1sok nev\u00e9ben is jelentkezik).\">H\u00e1ny f\u0151 szeretne jelentkezni (ha esetleg valaki m\u00e1sok nev\u00e9ben is jelentkezik).<\/label><\/div>\n<div class='ff-el-input--content'>\n<div class='ff-el-form-check ff-el-form-check-'><label class='ff-el-form-check-label' for='checkbox_fca71f4639c36a2f996e1ee2f8e64589'><input  type=\"checkbox\" name=\"checkbox[]\" data-name=\"checkbox\" class=\"ff-el-form-check-input ff-el-form-check-checkbox\" value=\"Egyed\u00fcl j\u00f6nn\u00e9k \"  id='checkbox_fca71f4639c36a2f996e1ee2f8e64589' aria-label='Egyed\u00fcl j\u00f6nn\u00e9k' aria-invalid='false' aria-required=true> <span>Egyed\u00fcl j\u00f6nn\u00e9k <\/span><\/label><\/div>\n<div class='ff-el-form-check ff-el-form-check-'><label class='ff-el-form-check-label' for='checkbox_6780d9c952de40e9655978aab21134fb'><input  type=\"checkbox\" name=\"checkbox[]\" data-name=\"checkbox\" class=\"ff-el-form-check-input ff-el-form-check-checkbox\" value=\"T\u00f6bben szeretn\u00e9nk j\u00f6nni\"  id='checkbox_6780d9c952de40e9655978aab21134fb' aria-label='T\u00f6bben szeretn\u00e9nk j\u00f6nni' aria-invalid='false' aria-required=true> <span>T\u00f6bben szeretn\u00e9nk j\u00f6nni<\/span><\/label><\/div>\n<\/div>\n<\/div>\n<div class='ff-el-group'>\n<div class=\"ff-el-input--label asterisk-right\"><label for='ff_7_message' id='label_ff_7_message' aria-label=\"Ha t\u00f6bben szeretn\u00e9tek j\u00f6nni h\u00e1ny f\u0151 jelentkezne?\">Ha t\u00f6bben szeretn\u00e9tek j\u00f6nni h\u00e1ny f\u0151 jelentkezne? <\/label><\/div>\n<div class='ff-el-input--content'><textarea aria-required=\"false\" aria-labelledby=\"label_ff_7_message\" name=\"message\" id=\"ff_7_message\" class=\"ff-el-form-control\" rows=\"4\" cols=\"2\" data-name=\"message\" ><\/textarea><\/div>\n<\/div>\n<div class='ff-el-group'>\n<div class=\"ff-el-input--label asterisk-right\"><label for='ff_7_message_1' id='label_ff_7_message_1' aria-label=\"Megjegyz\u00e9sek \/ K\u00e9rd\u00e9sek\">Megjegyz\u00e9sek \/ K\u00e9rd\u00e9sek<\/label><\/div>\n<div class='ff-el-input--content'><textarea aria-required=\"false\" aria-labelledby=\"label_ff_7_message_1\" name=\"message_1\" id=\"ff_7_message_1\" class=\"ff-el-form-control\" placeholder=\"\u00cdrj plusz inf\u00f3kat vagy k\u00e9rd\u00e9seket\" rows=\"4\" cols=\"2\" data-name=\"message_1\" ><\/textarea><\/div>\n<\/div>\n<div class='ff-el-group    ff-el-input--content'>\n<div class='ff-el-form-check ff-el-tc'><label aria-label='Terms and Conditions:  Elovastam \u00e9s elfogadom az adatkezel\u00e9si szab\u00e1lyzatot. Contains 1 link. Use tab navigation to review.' class='ff-el-form-check-label ff_tc_label' for=gdpr-agreement_0fd7d2cab5f67e05c0cb06d8875e5d88><span class='ff_tc_checkbox'><input type=\"checkbox\" name=\"gdpr-agreement\" class=\"ff-el-form-check-input ff_gdpr_field\" data-name=\"gdpr-agreement\" id=\"gdpr-agreement_0fd7d2cab5f67e05c0cb06d8875e5d88\"  value='on' aria-invalid='false' aria-required=true><\/span> <\/p>\n<div class='ff_t_c'> Elovastam \u00e9s elfogadom az <a rel=\"noopener\" href=\"https:\/\/kuktaparty.hu\/adatkezelesi-tajekoztato\/\" target=\"_blank\">adatkezel\u00e9si szab\u00e1lyzatot<\/a>.<\/div>\n<p><\/label><\/div>\n<\/div>\n<div class='ff-el-group ff-text-left ff_submit_btn_wrapper'><button type=\"submit\" class=\"ff-btn ff-btn-submit ff-btn-md ff_btn_style\"  aria-label=\"\u00c9rtes\u00edt\u00e9s k\u00e9rek\">\u00c9rtes\u00edt\u00e9s k\u00e9rek<\/button><\/div>\n<\/fieldset>\n<\/form>\n<div id='fluentform_7_errors' class='ff-errors-in-stack ff_form_instance_7_1 ff-form-loading_errors ff_form_instance_7_1_errors'><\/div>\n<\/div>\n<p>            <script type=\"text\/javascript\">\n                window.fluent_form_ff_form_instance_7_1 = {\"id\":\"7\",\"ajaxUrl\":\"https:\\\/\\\/kuktaparty.hu\\\/wp-admin\\\/admin-ajax.php\",\"settings\":{\"layout\":{\"labelPlacement\":\"top\",\"asteriskPlacement\":\"asterisk-right\",\"helpMessagePlacement\":\"with_label\",\"errorMessagePlacement\":\"inline\",\"cssClassName\":\"\"},\"restrictions\":{\"denyEmptySubmission\":{\"enabled\":false}}},\"form_instance\":\"ff_form_instance_7_1\",\"form_id_selector\":\"fluentform_7\",\"rules\":{\"names[first_name]\":{\"required\":{\"value\":false,\"message\":\"A mez\\u0151 kit\\u00f6lt\\u00e9se k\\u00f6telez\\u0151\",\"global\":true,\"global_message\":\"A mez\\u0151 kit\\u00f6lt\\u00e9se k\\u00f6telez\\u0151\"}},\"names[middle_name]\":{\"required\":{\"value\":false,\"message\":\"A mez\\u0151 kit\\u00f6lt\\u00e9se k\\u00f6telez\\u0151\",\"global\":true,\"global_message\":\"A mez\\u0151 kit\\u00f6lt\\u00e9se k\\u00f6telez\\u0151\"}},\"names[last_name]\":{\"required\":{\"value\":false,\"message\":\"A mez\\u0151 kit\\u00f6lt\\u00e9se k\\u00f6telez\\u0151\",\"global\":true,\"global_message\":\"A mez\\u0151 kit\\u00f6lt\\u00e9se k\\u00f6telez\\u0151\"}},\"email\":{\"required\":{\"value\":true,\"message\":\"A mez\\u0151 kit\\u00f6lt\\u00e9se k\\u00f6telez\\u0151\",\"global\":true,\"global_message\":\"A mez\\u0151 kit\\u00f6lt\\u00e9se k\\u00f6telez\\u0151\"},\"email\":{\"value\":true,\"message\":\"K\\u00e9rlek adj meg val\\u00f3s e-mail c\\u00edmet\",\"global\":true,\"global_message\":\"K\\u00e9rlek adj meg val\\u00f3s e-mail c\\u00edmet\"}},\"phone\":{\"required\":{\"value\":true,\"global\":true,\"message\":\"A mez\\u0151 kit\\u00f6lt\\u00e9se k\\u00f6telez\\u0151\",\"global_message\":\"A mez\\u0151 kit\\u00f6lt\\u00e9se k\\u00f6telez\\u0151\"},\"valid_phone_number\":{\"value\":false,\"global\":true,\"message\":\"A telefonsz\\u00e1m nem t\\u0171nik val\\u00f3snak\",\"global_message\":\"A telefonsz\\u00e1m nem t\\u0171nik val\\u00f3snak\"}},\"checkbox\":{\"required\":{\"value\":true,\"message\":\"A mez\\u0151 kit\\u00f6lt\\u00e9se k\\u00f6telez\\u0151\",\"global_message\":\"A mez\\u0151 kit\\u00f6lt\\u00e9se k\\u00f6telez\\u0151\",\"global\":true}},\"message\":{\"required\":{\"value\":false,\"message\":\"A mez\\u0151 kit\\u00f6lt\\u00e9se k\\u00f6telez\\u0151\",\"global\":true,\"global_message\":\"A mez\\u0151 kit\\u00f6lt\\u00e9se k\\u00f6telez\\u0151\"}},\"message_1\":{\"required\":{\"value\":false,\"message\":\"A mez\\u0151 kit\\u00f6lt\\u00e9se k\\u00f6telez\\u0151\",\"global\":true,\"global_message\":\"A mez\\u0151 kit\\u00f6lt\\u00e9se k\\u00f6telez\\u0151\"}},\"gdpr-agreement\":{\"required\":{\"value\":true,\"message\":\"A mez\\u0151 kit\\u00f6lt\\u00e9se k\\u00f6telez\\u0151\",\"global_message\":\"A mez\\u0151 kit\\u00f6lt\\u00e9se k\\u00f6telez\\u0151\",\"global\":true}}},\"debounce_time\":300,\"conditionals\":{\"checkbox\":{\"type\":\"any\",\"status\":true,\"conditions\":[{\"field\":\"message\",\"value\":\"\",\"operator\":\"startsWith\"}]}}};\n                            <\/script><br \/>\n            <\/h3>\n","protected":false},"featured_media":3968,"comment_status":"open","ping_status":"closed","template":"","meta":{"_seopress_robots_primary_cat":"none","_seopress_titles_title":"","_seopress_titles_desc":"Saltimbocca, avagy ugorj a sz\u00e1mba \u2013 F\u0151z\u0151tanfolyam Ismerd meg a klasszikus olasz konyha egyik leg\u00edzletesebb fog\u00e1s\u00e1t, a Saltimbocc\u00e1t! V\u00e1rjuk a jelentkez\u00e9sed","_seopress_robots_index":"","_eb_attr":""},"product_brand":[],"product_cat":[24],"product_tag":[],"class_list":{"0":"post-2142","1":"product","2":"type-product","3":"status-publish","4":"has-post-thumbnail","6":"product_cat-kurzusok","7":"sales-flash-overlay","8":"woocommerce-text-align-center","9":"woocommerce-image-align-center","10":"do-quantity-buttons","12":"first","13":"instock","14":"virtual","15":"taxable","16":"purchasable","17":"product-type-simple"},"_links":{"self":[{"href":"https:\/\/kuktaparty.hu\/en\/wp-json\/wp\/v2\/product\/2142","targetHints":{"allow":["GET"]}}],"collection":[{"href":"https:\/\/kuktaparty.hu\/en\/wp-json\/wp\/v2\/product"}],"about":[{"href":"https:\/\/kuktaparty.hu\/en\/wp-json\/wp\/v2\/types\/product"}],"replies":[{"embeddable":true,"href":"https:\/\/kuktaparty.hu\/en\/wp-json\/wp\/v2\/comments?post=2142"}],"wp:featuredmedia":[{"embeddable":true,"href":"https:\/\/kuktaparty.hu\/en\/wp-json\/wp\/v2\/media\/3968"}],"wp:attachment":[{"href":"https:\/\/kuktaparty.hu\/en\/wp-json\/wp\/v2\/media?parent=2142"}],"wp:term":[{"taxonomy":"product_brand","embeddable":true,"href":"https:\/\/kuktaparty.hu\/en\/wp-json\/wp\/v2\/product_brand?post=2142"},{"taxonomy":"product_cat","embeddable":true,"href":"https:\/\/kuktaparty.hu\/en\/wp-json\/wp\/v2\/product_cat?post=2142"},{"taxonomy":"product_tag","embeddable":true,"href":"https:\/\/kuktaparty.hu\/en\/wp-json\/wp\/v2\/product_tag?post=2142"}],"curies":[{"name":"wp","href":"https:\/\/api.w.org\/{rel}","templated":true}]}}