{"id":61,"date":"2024-10-01T11:48:34","date_gmt":"2024-10-01T11:48:34","guid":{"rendered":"https:\/\/kuktaparty.hu\/?page_id=61"},"modified":"2024-10-27T13:10:19","modified_gmt":"2024-10-27T11:10:19","slug":"contact","status":"publish","type":"page","link":"https:\/\/kuktaparty.hu\/en\/kapcsolat\/","title":{"rendered":"Contact"},"content":{"rendered":"<div data-elementor-type=\"wp-page\" data-elementor-id=\"61\" class=\"elementor elementor-61\" data-elementor-post-type=\"page\">\n\t\t\t\t<div class=\"elementor-element elementor-element-9e3336d e-flex e-con-boxed e-con e-parent\" data-id=\"9e3336d\" data-element_type=\"container\" data-e-type=\"container\">\n\t\t\t\t\t<div class=\"e-con-inner\">\n\t\t\t\t<div class=\"elementor-element elementor-element-2debd06 elementor-widget elementor-widget-text-editor\" data-id=\"2debd06\" data-element_type=\"widget\" data-e-type=\"widget\" data-widget_type=\"text-editor.default\">\n\t\t\t\t<div class=\"elementor-widget-container\">\n\t\t\t\t\t\t\t\t\t<h1>Contact<\/h1><p><i>KuktaParty Cooking School<\/i><\/p><div><i>Chef Academy<br \/>1143. Budapest Gizella \u00fat 36.<\/i><div><i>+36 30 6430947\u00a0<br \/><\/i><div><i><br \/><b>Please contact our staff with any questions or individual offers:<\/b><\/i><i><b><br \/><br \/><\/b><\/i><i><b>Cake party team<\/b><br \/>info@kuktaparty.hu<\/i><\/div><div><i>+36 30 6430947\u00a0<br \/><br \/><b><\/b><\/i><i><br \/>\u00a0<\/i><i><b>Tax number:\u00a0<\/b><\/i><i>23687411-2-41<br \/><b>Company registration number:<\/b>\u00a001-09-973523<\/i><\/div><\/div><\/div><p>\u00a0<\/p><div>\u00a0<\/div><p>\u00a0<\/p><h1>Contact us!<\/h1><div><form id=\"contactFrm\" action=\"http:\/\/www.kuktaparty.hu\/index.php\" method=\"post\"><p>\u00a0<\/p><p>Your name: (optional)<\/p><p><input id=\"cnev\" class=\"editline\" name=\"nev\" type=\"text\" value=\"\" \/><\/p><p>Your email address:<\/p><p><input id=\"cemail\" class=\"editline\" name=\"email\" type=\"text\" value=\"\" \/><\/p><p>Message:<\/p><p><textarea id=\"cuzenet\" class=\"editbox\" name=\"uzenet\"><\/textarea><\/p><p>I subscribe to the Kuktaparty.hu newsletter\u00a0<input checked=\"checked\" name=\"hirlevel\" type=\"checkbox\" value=\"y\" \/><\/p><\/form><\/div>\t\t\t\t\t\t\t\t<\/div>\n\t\t\t\t<\/div>\n\t\t\t\t\t<\/div>\n\t\t\t\t<\/div>\n\t\t\t\t<\/div>","protected":false},"excerpt":{"rendered":"<p>Kapcsolat KuktaParty F\u0151z\u0151iskola S\u00e9f Akad\u00e9mia1143. Budapest Gizella \u00fat 36.+36 30 6430947\u00a0K\u00e9rd\u00e9seivel, egyedi aj\u00e1nlatk\u00e9r\u00e9ssel forduljon munkat\u00e1rsainkhoz: Kuktaparty csapatinfo@kuktaparty.hu+36 30 6430947\u00a0 \u00a0Ad\u00f3sz\u00e1m:\u00a023687411-2-41C\u00e9gjegyz\u00e9ksz\u00e1m:\u00a001-09-973523 \u00a0 \u00a0 \u00a0 \u00cdrjon nek\u00fcnk! \u00a0 Az \u00d6n neve: (opcion\u00e1lis) E-mail c\u00edme: \u00dczenet: Feliratkozom a Kuktaparty.hu h\u00edrlevel\u00e9re\u00a0<\/p>","protected":false},"author":1,"featured_media":0,"parent":0,"menu_order":0,"comment_status":"closed","ping_status":"closed","template":"elementor_header_footer","meta":{"_seopress_robots_primary_cat":"","_seopress_titles_title":"","_seopress_titles_desc":"","_seopress_robots_index":"","_eb_attr":"","footnotes":""},"class_list":["post-61","page","type-page","status-publish"],"_links":{"self":[{"href":"https:\/\/kuktaparty.hu\/en\/wp-json\/wp\/v2\/pages\/61","targetHints":{"allow":["GET"]}}],"collection":[{"href":"https:\/\/kuktaparty.hu\/en\/wp-json\/wp\/v2\/pages"}],"about":[{"href":"https:\/\/kuktaparty.hu\/en\/wp-json\/wp\/v2\/types\/page"}],"author":[{"embeddable":true,"href":"https:\/\/kuktaparty.hu\/en\/wp-json\/wp\/v2\/users\/1"}],"replies":[{"embeddable":true,"href":"https:\/\/kuktaparty.hu\/en\/wp-json\/wp\/v2\/comments?post=61"}],"version-history":[{"count":0,"href":"https:\/\/kuktaparty.hu\/en\/wp-json\/wp\/v2\/pages\/61\/revisions"}],"wp:attachment":[{"href":"https:\/\/kuktaparty.hu\/en\/wp-json\/wp\/v2\/media?parent=61"}],"curies":[{"name":"wp","href":"https:\/\/api.w.org\/{rel}","templated":true}]}}